{"id":117,"date":"2022-02-08T12:00:06","date_gmt":"2022-02-08T11:00:06","guid":{"rendered":"https:\/\/wholesale.lobo-west.be\/contacter\/cookies\/"},"modified":"2022-02-08T13:58:14","modified_gmt":"2022-02-08T12:58:14","slug":"cookies","status":"publish","type":"page","link":"https:\/\/wholesale.lobo-west.be\/fr\/contacter\/cookies\/","title":{"rendered":"Cookies"},"content":{"rendered":"<div id='av_section_1'  class='avia-section av-1l42s-ef50e6082fc9e2fd77be00d9029d1a9a main_color avia-section-default avia-no-border-styling  avia-builder-el-0  avia-builder-el-no-sibling  avia-bg-style-scroll container_wrap fullsize'  ><div class='container av-section-cont-open' ><main  role=\"main\" itemprop=\"mainContentOfPage\"  class='template-page content  av-content-full alpha units'><div class='post-entry post-entry-type-page post-entry-117'><div class='entry-content-wrapper clearfix'>\n<div  class='flex_column av-2k18-af4d4272f908fbc906b91394f12107eb av_one_full  avia-builder-el-1  avia-builder-el-no-sibling  first flex_column_div  '     ><p>\n<style type=\"text\/css\" data-created_by=\"avia_inline_auto\" id=\"style-css-av-kzdywkqf-dfb798743b87e77e26c1bfe355b0fd96\">\n#top .av-special-heading.av-kzdywkqf-dfb798743b87e77e26c1bfe355b0fd96{\npadding-bottom:10px;\n}\nbody .av-special-heading.av-kzdywkqf-dfb798743b87e77e26c1bfe355b0fd96 .av-special-heading-tag .heading-char{\nfont-size:25px;\n}\n.av-special-heading.av-kzdywkqf-dfb798743b87e77e26c1bfe355b0fd96 .av-subheading{\nfont-size:15px;\n}\n<\/style>\n<div  class='av-special-heading av-kzdywkqf-dfb798743b87e77e26c1bfe355b0fd96 av-special-heading-h2 blockquote modern-quote  avia-builder-el-2  el_before_av_textblock  avia-builder-el-first  av-thin-font'><h2 class='av-special-heading-tag '  itemprop=\"headline\"  ><strong>Politique de cookies<\/strong><\/h2><div class=\"special-heading-border\"><div class=\"special-heading-inner-border\"><\/div><\/div><\/div><br \/>\n<section  class='av_textblock_section av-kzdyx4hy-2f98e73c72c49989ab45d96832c308c0 '   itemscope=\"itemscope\" itemtype=\"https:\/\/schema.org\/CreativeWork\" ><div class='avia_textblock'  itemprop=\"text\" ><p>Dans notre d\u00e9claration de cookies, vous pouvez lire pourquoi nous utilisons des cookies et quels types de cookies nous utilisons. Vous souhaitez savoir comment nous traitons vos donn\u00e9es, o\u00f9 nous utilisons celles-ci et \u00e0 quelles fins et quels sont vos droits ? Dans ce cas, consultez notre <a href=\"<a href=\"https:\/\/wholesale.lobo-west.be\/nl\/contact\/privacybeleid\/\">\u00ab\u00a0>politique de confidentialit\u00e9.<\/p>\n<p><strong>Que sont les cookies<\/strong><br \/>\nNotre site web utilise des cookies. Les cookies sont de petits fichiers de texte qui sont envoy\u00e9s lors de votre visite de ce site web et qui sont plac\u00e9s sur un ordinateur, lap top, t\u00e9l\u00e9phone mobile ou une tablette. Ces cookies sont notamment utilis\u00e9s pour analyser le comportement des visiteurs de ce site web et am\u00e9liorer la convivialit\u00e9. Bouwen-maertens.be n\u2019utilise pas ces donn\u00e9es \u00e0 un niveau personnel ou informatique individuel et ne peut d\u00e8s lors ramener celles-ci \u00e0 un ordinateur ou individu.<\/p>\n<p><strong>Pourquoi utilisons-nous des cookies<\/strong><br \/>\nNous utilisons des cookies pour retenir vos param\u00e8tres relatifs aux cookies personnels. Certains cookies sont indispensables pour faire fonctionner ce site web, par exemple pour se connecter, retenir vos pr\u00e9f\u00e9rences et pouvoir effectuer un paiement. Nous utilisons des cookies de Google pour optimiser notre site web. Avec votre autorisation, nous utilisons \u00e9galement des cookies pour l\u2019int\u00e9gration de services de tiers \u00e0 notre site web.<\/p>\n<p><strong>Pourquoi demandons-nous votre autorisation<\/strong><br \/>\nLa loi pr\u00e9voit que pour certains cookies, une obligation d\u2019information et de consentement (opt-in) s\u2019applique. Un opt-in signifie que nous devons vous demander pr\u00e9alablement votre autorisation pour pouvoir placer des cookies sur votre ordinateur, smartphone ou tablette. Ceci ne s\u2019applique cependant pas \u00e0 tous les types de cookies.<\/p>\n<p><strong>A quels cookies s\u2019applique mon accord<\/strong><br \/>\nPour les cookies qui sont indispensables \u00e0 l\u2019analyse et \u00e0 l\u2019optimisation du site web, vous ne devez pas donner votre accord. Pour tous les autres cookies, par exemple les cookies qui sont destin\u00e9s \u00e0 permettre la fonctionnalit\u00e9 d\u2019autres sites web (partage via les media sociaux), nous avons besoin de votre accord explicite. Vous donnez votre autorisation en marquant votre accord actif avec le placement de cookies.<\/p>\n<p><strong>Je veux supprimer tous mes cookies<\/strong><br \/>\nVia les param\u00e8tres du navigateur de votre ordinateur, vous pouvez supprimer des cookies d\u00e9j\u00e0 plac\u00e9s et refuser le placement de nouveaux cookies. Le mode de suppression varie en fonction du navigateur Internet. Vous trouverez de plus amples informations concernant l\u2019activation et la d\u00e9sactivation ainsi que la suppression de cookies dans les instructions et\/ou \u00e0 l\u2019aide de la fonction d\u2019aide de votre navigateur Internet.<\/p>\n<p>Si vous refusez ou supprimez des cookies, vous ne pourrez pas utiliser toutes les possibilit\u00e9s de notre site web.<br \/>\nEn outre, le refus ou la suppression de cookies a uniquement des cons\u00e9quences pour l\u2019ordinateur et le navigateur Internet sur lequel vous effectuez cette op\u00e9ration. Vous utilisez plusieurs ordinateurs et\/ou navigateurs Internet ? Dans ce cas, vous devrez r\u00e9p\u00e9ter cette (ces) op\u00e9ration(s) aussi souvent que n\u00e9cessaire.<\/p>\n<p><strong>Modifications de la declaration de cookies<\/strong><br \/>\nSur la base de nouveaux d\u00e9veloppements, il se peut que nous modifiions notre d\u00e9claration de cookies, par exemple dans le cadre d\u2019une nouvelle l\u00e9gislation et r\u00e9glementation. Nous vos conseillons donc de consulter assez r\u00e9guli\u00e8rement notre d\u00e9claration de cookies.<\/p>\n<p>La pr\u00e9sente version de cette politique de cookies a \u00e9t\u00e9 r\u00e9dig\u00e9e le 21\/04\/2020.<\/p>\n<p><strong>Questions et remarques<\/strong><br \/>\nSi vous avez des questions ou remarques concernant notre politique de cookies, n\u2019h\u00e9sitez pas \u00e0 nous en faire part \u00e0 l\u2019aide du <a href=\"https:\/\/wholesale.lobo-west.be\/fr\/contacter\/\">formulaire de contact<\/a> sur notre site web!<\/p>\n<\/div><\/section><\/p><\/div>\n","protected":false},"excerpt":{"rendered":"","protected":false},"author":1,"featured_media":0,"parent":111,"menu_order":0,"comment_status":"closed","ping_status":"closed","template":"","meta":{"footnotes":""},"class_list":["post-117","page","type-page","status-publish","hentry"],"yoast_head":"<!-- This site is optimized with the Yoast SEO plugin v27.4 - https:\/\/yoast.com\/product\/yoast-seo-wordpress\/ -->\n<title>Cookies - Lobo-west.be - Wholesale<\/title>\n<meta name=\"robots\" content=\"index, follow, max-snippet:-1, max-image-preview:large, max-video-preview:-1\" \/>\n<link rel=\"canonical\" href=\"https:\/\/wholesale.lobo-west.be\/fr\/contacter\/cookies\/\" \/>\n<meta property=\"og:locale\" content=\"fr_FR\" \/>\n<meta property=\"og:type\" content=\"article\" \/>\n<meta property=\"og:title\" content=\"Cookies - Lobo-west.be - Wholesale\" \/>\n<meta property=\"og:url\" content=\"https:\/\/wholesale.lobo-west.be\/fr\/contacter\/cookies\/\" \/>\n<meta property=\"og:site_name\" content=\"Lobo-west.be - Wholesale\" \/>\n<meta property=\"article:publisher\" content=\"https:\/\/www.facebook.com\/lobonaturepetfood\" \/>\n<meta property=\"article:modified_time\" content=\"2022-02-08T12:58:14+00:00\" \/>\n<meta name=\"twitter:card\" content=\"summary_large_image\" \/>\n<meta name=\"twitter:label1\" content=\"Dur\u00e9e de lecture estim\u00e9e\" \/>\n\t<meta name=\"twitter:data1\" content=\"6 minutes\" \/>\n<script type=\"application\/ld+json\" class=\"yoast-schema-graph\">{\"@context\":\"https:\\\/\\\/schema.org\",\"@graph\":[{\"@type\":\"WebPage\",\"@id\":\"https:\\\/\\\/wholesale.lobo-west.be\\\/fr\\\/contacter\\\/cookies\\\/\",\"url\":\"https:\\\/\\\/wholesale.lobo-west.be\\\/fr\\\/contacter\\\/cookies\\\/\",\"name\":\"Cookies - Lobo-west.be - Wholesale\",\"isPartOf\":{\"@id\":\"https:\\\/\\\/wholesale.lobo-west.be\\\/nl\\\/#website\"},\"datePublished\":\"2022-02-08T11:00:06+00:00\",\"dateModified\":\"2022-02-08T12:58:14+00:00\",\"breadcrumb\":{\"@id\":\"https:\\\/\\\/wholesale.lobo-west.be\\\/fr\\\/contacter\\\/cookies\\\/#breadcrumb\"},\"inLanguage\":\"fr-FR\",\"potentialAction\":[{\"@type\":\"ReadAction\",\"target\":[\"https:\\\/\\\/wholesale.lobo-west.be\\\/fr\\\/contacter\\\/cookies\\\/\"]}]},{\"@type\":\"BreadcrumbList\",\"@id\":\"https:\\\/\\\/wholesale.lobo-west.be\\\/fr\\\/contacter\\\/cookies\\\/#breadcrumb\",\"itemListElement\":[{\"@type\":\"ListItem\",\"position\":1,\"name\":\"Home\",\"item\":\"https:\\\/\\\/wholesale.lobo-west.be\\\/fr\\\/boutique\\\/\"},{\"@type\":\"ListItem\",\"position\":2,\"name\":\"Contacter\",\"item\":\"https:\\\/\\\/wholesale.lobo-west.be\\\/fr\\\/contacter\\\/\"},{\"@type\":\"ListItem\",\"position\":3,\"name\":\"Cookies\"}]},{\"@type\":\"WebSite\",\"@id\":\"https:\\\/\\\/wholesale.lobo-west.be\\\/nl\\\/#website\",\"url\":\"https:\\\/\\\/wholesale.lobo-west.be\\\/nl\\\/\",\"name\":\"Lobo-west.be - Wholesale\",\"description\":\"Lobo nature petfood voor groothandel en en fokkers\",\"publisher\":{\"@id\":\"https:\\\/\\\/wholesale.lobo-west.be\\\/nl\\\/#organization\"},\"potentialAction\":[{\"@type\":\"SearchAction\",\"target\":{\"@type\":\"EntryPoint\",\"urlTemplate\":\"https:\\\/\\\/wholesale.lobo-west.be\\\/nl\\\/?s={search_term_string}\"},\"query-input\":{\"@type\":\"PropertyValueSpecification\",\"valueRequired\":true,\"valueName\":\"search_term_string\"}}],\"inLanguage\":\"fr-FR\"},{\"@type\":\"Organization\",\"@id\":\"https:\\\/\\\/wholesale.lobo-west.be\\\/nl\\\/#organization\",\"name\":\"Lobo West\",\"url\":\"https:\\\/\\\/wholesale.lobo-west.be\\\/nl\\\/\",\"logo\":{\"@type\":\"ImageObject\",\"inLanguage\":\"fr-FR\",\"@id\":\"https:\\\/\\\/wholesale.lobo-west.be\\\/nl\\\/#\\\/schema\\\/logo\\\/image\\\/\",\"url\":\"https:\\\/\\\/wholesale.lobo-west.be\\\/wp-content\\\/uploads\\\/2022\\\/02\\\/logo-lobo-transparant-300x300-1.png\",\"contentUrl\":\"https:\\\/\\\/wholesale.lobo-west.be\\\/wp-content\\\/uploads\\\/2022\\\/02\\\/logo-lobo-transparant-300x300-1.png\",\"width\":300,\"height\":300,\"caption\":\"Lobo West\"},\"image\":{\"@id\":\"https:\\\/\\\/wholesale.lobo-west.be\\\/nl\\\/#\\\/schema\\\/logo\\\/image\\\/\"},\"sameAs\":[\"https:\\\/\\\/www.facebook.com\\\/lobonaturepetfood\",\"https:\\\/\\\/www.instagram.com\\\/lobowestpetfood\\\/\"]}]}<\/script>\n<!-- \/ Yoast SEO plugin. -->","yoast_head_json":{"title":"Cookies - Lobo-west.be - Wholesale","robots":{"index":"index","follow":"follow","max-snippet":"max-snippet:-1","max-image-preview":"max-image-preview:large","max-video-preview":"max-video-preview:-1"},"canonical":"https:\/\/wholesale.lobo-west.be\/fr\/contacter\/cookies\/","og_locale":"fr_FR","og_type":"article","og_title":"Cookies - Lobo-west.be - Wholesale","og_url":"https:\/\/wholesale.lobo-west.be\/fr\/contacter\/cookies\/","og_site_name":"Lobo-west.be - Wholesale","article_publisher":"https:\/\/www.facebook.com\/lobonaturepetfood","article_modified_time":"2022-02-08T12:58:14+00:00","twitter_card":"summary_large_image","twitter_misc":{"Dur\u00e9e de lecture estim\u00e9e":"6 minutes"},"schema":{"@context":"https:\/\/schema.org","@graph":[{"@type":"WebPage","@id":"https:\/\/wholesale.lobo-west.be\/fr\/contacter\/cookies\/","url":"https:\/\/wholesale.lobo-west.be\/fr\/contacter\/cookies\/","name":"Cookies - Lobo-west.be - Wholesale","isPartOf":{"@id":"https:\/\/wholesale.lobo-west.be\/nl\/#website"},"datePublished":"2022-02-08T11:00:06+00:00","dateModified":"2022-02-08T12:58:14+00:00","breadcrumb":{"@id":"https:\/\/wholesale.lobo-west.be\/fr\/contacter\/cookies\/#breadcrumb"},"inLanguage":"fr-FR","potentialAction":[{"@type":"ReadAction","target":["https:\/\/wholesale.lobo-west.be\/fr\/contacter\/cookies\/"]}]},{"@type":"BreadcrumbList","@id":"https:\/\/wholesale.lobo-west.be\/fr\/contacter\/cookies\/#breadcrumb","itemListElement":[{"@type":"ListItem","position":1,"name":"Home","item":"https:\/\/wholesale.lobo-west.be\/fr\/boutique\/"},{"@type":"ListItem","position":2,"name":"Contacter","item":"https:\/\/wholesale.lobo-west.be\/fr\/contacter\/"},{"@type":"ListItem","position":3,"name":"Cookies"}]},{"@type":"WebSite","@id":"https:\/\/wholesale.lobo-west.be\/nl\/#website","url":"https:\/\/wholesale.lobo-west.be\/nl\/","name":"Lobo-west.be - Wholesale","description":"Lobo nature petfood voor groothandel en en fokkers","publisher":{"@id":"https:\/\/wholesale.lobo-west.be\/nl\/#organization"},"potentialAction":[{"@type":"SearchAction","target":{"@type":"EntryPoint","urlTemplate":"https:\/\/wholesale.lobo-west.be\/nl\/?s={search_term_string}"},"query-input":{"@type":"PropertyValueSpecification","valueRequired":true,"valueName":"search_term_string"}}],"inLanguage":"fr-FR"},{"@type":"Organization","@id":"https:\/\/wholesale.lobo-west.be\/nl\/#organization","name":"Lobo West","url":"https:\/\/wholesale.lobo-west.be\/nl\/","logo":{"@type":"ImageObject","inLanguage":"fr-FR","@id":"https:\/\/wholesale.lobo-west.be\/nl\/#\/schema\/logo\/image\/","url":"https:\/\/wholesale.lobo-west.be\/wp-content\/uploads\/2022\/02\/logo-lobo-transparant-300x300-1.png","contentUrl":"https:\/\/wholesale.lobo-west.be\/wp-content\/uploads\/2022\/02\/logo-lobo-transparant-300x300-1.png","width":300,"height":300,"caption":"Lobo West"},"image":{"@id":"https:\/\/wholesale.lobo-west.be\/nl\/#\/schema\/logo\/image\/"},"sameAs":["https:\/\/www.facebook.com\/lobonaturepetfood","https:\/\/www.instagram.com\/lobowestpetfood\/"]}]}},"jetpack_sharing_enabled":true,"_links":{"self":[{"href":"https:\/\/wholesale.lobo-west.be\/fr\/wp-json\/wp\/v2\/pages\/117","targetHints":{"allow":["GET"]}}],"collection":[{"href":"https:\/\/wholesale.lobo-west.be\/fr\/wp-json\/wp\/v2\/pages"}],"about":[{"href":"https:\/\/wholesale.lobo-west.be\/fr\/wp-json\/wp\/v2\/types\/page"}],"author":[{"embeddable":true,"href":"https:\/\/wholesale.lobo-west.be\/fr\/wp-json\/wp\/v2\/users\/1"}],"replies":[{"embeddable":true,"href":"https:\/\/wholesale.lobo-west.be\/fr\/wp-json\/wp\/v2\/comments?post=117"}],"version-history":[{"count":0,"href":"https:\/\/wholesale.lobo-west.be\/fr\/wp-json\/wp\/v2\/pages\/117\/revisions"}],"up":[{"embeddable":true,"href":"https:\/\/wholesale.lobo-west.be\/fr\/wp-json\/wp\/v2\/pages\/111"}],"wp:attachment":[{"href":"https:\/\/wholesale.lobo-west.be\/fr\/wp-json\/wp\/v2\/media?parent=117"}],"curies":[{"name":"wp","href":"https:\/\/api.w.org\/{rel}","templated":true}]}}