{"id":123,"date":"2022-02-08T12:00:24","date_gmt":"2022-02-08T11:00:24","guid":{"rendered":"https:\/\/wholesale.lobo-west.be\/contacter\/privacy\/"},"modified":"2022-02-08T14:01:06","modified_gmt":"2022-02-08T13:01:06","slug":"privacy","status":"publish","type":"page","link":"https:\/\/wholesale.lobo-west.be\/fr\/contacter\/privacy\/","title":{"rendered":"Privacy"},"content":{"rendered":"<div id='av_section_1'  class='avia-section av-1nran-9b24f572c3aeafe754f265608f01d279 main_color avia-section-default avia-no-border-styling  avia-builder-el-0  avia-builder-el-no-sibling  avia-bg-style-scroll container_wrap fullsize'  ><div class='container av-section-cont-open' ><main  role=\"main\" itemprop=\"mainContentOfPage\"  class='template-page content  av-content-full alpha units'><div class='post-entry post-entry-type-page post-entry-123'><div class='entry-content-wrapper clearfix'>\n<div  class='flex_column av-1464j-7e6b0e303015daca1e43212ec87919aa av_one_full  avia-builder-el-1  avia-builder-el-no-sibling  first flex_column_div  '     ><p>\n<style type=\"text\/css\" data-created_by=\"avia_inline_auto\" id=\"style-css-av-kzdyyaak-fdf3521b8b23f05f14d8c6e4c07b4b40\">\n#top .av-special-heading.av-kzdyyaak-fdf3521b8b23f05f14d8c6e4c07b4b40{\npadding-bottom:10px;\n}\nbody .av-special-heading.av-kzdyyaak-fdf3521b8b23f05f14d8c6e4c07b4b40 .av-special-heading-tag .heading-char{\nfont-size:25px;\n}\n.av-special-heading.av-kzdyyaak-fdf3521b8b23f05f14d8c6e4c07b4b40 .av-subheading{\nfont-size:15px;\n}\n<\/style>\n<div  class='av-special-heading av-kzdyyaak-fdf3521b8b23f05f14d8c6e4c07b4b40 av-special-heading-h2 blockquote modern-quote  avia-builder-el-2  el_before_av_textblock  avia-builder-el-first  av-thin-font'><h2 class='av-special-heading-tag '  itemprop=\"headline\"  ><strong>Politique de confidentialit\u00e9<\/strong><\/h2><div class=\"special-heading-border\"><div class=\"special-heading-inner-border\"><\/div><\/div><\/div><br \/>\n<section  class='av_textblock_section av-kzdyyvox-fe4a8aaf3af2bbc4d456e0bc8f61d6f5 '   itemscope=\"itemscope\" itemtype=\"https:\/\/schema.org\/CreativeWork\" ><div class='avia_textblock'  itemprop=\"text\" ><p>Nous respectons la vie priv\u00e9e de nos visiteurs et clients. Nous veillons \u00e0 ce que les informations personnelles que vous nous fournissez soient trait\u00e9es de mani\u00e8re confidentielle et ne soient utilis\u00e9es que dans le cadre de nos services. Le traitement des donn\u00e9es personnelles est toujours effectu\u00e9 conform\u00e9ment aux exigences du R\u00e8glement g\u00e9n\u00e9ral sur la protection des donn\u00e9es \/ R\u00e8glement g\u00e9n\u00e9ral sur la protection des donn\u00e9es (GDPR\/AVG).<\/p>\n<p>Cette politique de confidentialit\u00e9 s&rsquo;applique au traitement des informations personnelles (donn\u00e9es personnelles) fournies par les clients et des donn\u00e9es obtenues \u00e0 partir de l&rsquo;utilisation de nos services ainsi que de l&rsquo;utilisation de notre site Web.<\/p>\n<p><strong>Comment collectons-nous les donn\u00e9es personnelles<\/strong><br \/>\nNous collectons des donn\u00e9es personnelles lorsque vous achetez l&rsquo;un de nos services. Nous avons besoin de ces donn\u00e9es pour la facturation et pour rendre l&rsquo;utilisation des services administrativement et techniquement possible. Pour cela, nous vous demandons le nom, le nom, l&rsquo;adresse, le num\u00e9ro de t\u00e9l\u00e9phone et l&rsquo;adresse e-mail de votre entreprise. Si vous souhaitez payer par pr\u00e9l\u00e8vement automatique, nous vous demandons \u00e9galement vos coordonn\u00e9es bancaires.<\/p>\n<p>De plus, nous collectons \u00e9galement des donn\u00e9es lorsque vous demandez un devis ou posez une question via le formulaire de contact ou par e-mail.<\/p>\n<p><strong>Quelles donn\u00e9es collectons-nous<\/strong><br \/>\nNous collectons des coordonn\u00e9es telles que votre nom, le nom de votre entreprise, votre adresse, votre num\u00e9ro de t\u00e9l\u00e9phone, votre adresse e-mail, vos coordonn\u00e9es bancaires et votre adresse IP. De plus, nous collectons des donn\u00e9es sur les commandes pr\u00e9c\u00e9dentes et l&rsquo;utilisation de nos services. Nous gardons \u00e9galement une trace de quand et de quoi nous vous avons parl\u00e9. Si vous nous envoyez un e-mail ou nous contactez via le formulaire de contact, votre nom, votre adresse e-mail, votre adresse IP et le contenu de la conversation seront enregistr\u00e9s.<\/p>\n<p><strong>Fournir des informations \u00e0 des tiers<\/strong><br \/>\nVos donn\u00e9es ne seront jamais partag\u00e9es avec d&rsquo;autres parties ou autorit\u00e9s dans la mesure o\u00f9 cela n&rsquo;est pas n\u00e9cessaire \u00e0 l&rsquo;ex\u00e9cution de nos services. Lobo-west.be ne divulguera vos donn\u00e9es personnelles sans votre consentement que si cela est requis par la loi ou s&rsquo;il existe des preuves suffisantes que cela est n\u00e9cessaire pour se conformer aux lois ou aux dispositions l\u00e9gales applicables \u00e0 Lobo-west.be ou pour prot\u00e9ger et d\u00e9fendre son site Internet, les droits ou actifs de Lobo-west.be et de son site Internet, et dans les cas urgents pour prot\u00e9ger la s\u00e9curit\u00e9 personnelle de nos relations, du site Internet ou du public. Les donn\u00e9es personnelles ne seront divulgu\u00e9es qu&rsquo;apr\u00e8s un examen approfondi avec la ou les parties int\u00e9ress\u00e9es.<\/p>\n<p>Parfois, nous devons partager vos donn\u00e9es personnelles avec d&rsquo;autres parties afin de fournir un service demand\u00e9. De plus, nous utilisons des syst\u00e8mes ou des services de partenaires et de fournisseurs lorsqu&rsquo;il est possible que cette partie ait acc\u00e8s aux donn\u00e9es de nos clients. Certains partenaires et fournisseurs sont situ\u00e9s aux \u00c9tats-Unis. Ces partenaires et fournisseurs fournissent des garanties appropri\u00e9es en termes de protection de la vie priv\u00e9e et de s\u00e9curit\u00e9. Le cas \u00e9ch\u00e9ant, des accords contractuels sont d\u00e9finis dans un accord de traitement.<\/p>\n<p><strong>Acc\u00e8s, rectification et droit \u00e0 l&rsquo;oubli<\/strong><br \/>\nEn tant que relation existante, vous avez acc\u00e8s \u00e0 vos donn\u00e9es. Si vos informations dans notre administration contiennent des inexactitudes, vous pouvez les faire modifier. Vous pouvez \u00e9galement indiquer si vous souhaitez \u00eatre tenu inform\u00e9 par e-mail des informations importantes concernant les services que vous avez achet\u00e9s et nos services.<\/p>\n<p>Vous avez le droit d&rsquo;\u00eatre oubli\u00e9. Cela signifie que vous pouvez nous demander de supprimer vos donn\u00e9es de notre base de donn\u00e9es clients. Dans certaines situations, nous ne pouvons pas acc\u00e9der \u00e0 votre demande. Par exemple, nous sommes oblig\u00e9s de conserver les informations financi\u00e8res telles que les devis, les factures et les paiements pendant 7 ans. Si nous ne sommes pas en mesure de r\u00e9pondre \u00e0 votre demande, nous vous informerons bien entendu de la raison.<\/p>\n<p><strong>Sites Web tiers<\/strong><br \/>\nSur notre site Web, vous pouvez trouver des hyperliens vers des sites Web de tiers. Notre politique de confidentialit\u00e9 ne s&rsquo;applique pas \u00e0 ces sites Web. Lobo-west.be n&rsquo;assume aucune responsabilit\u00e9 quant \u00e0 l&rsquo;accessibilit\u00e9 et au contenu de ces sites Web et au traitement de vos donn\u00e9es personnelles par ces tiers. Par cons\u00e9quent, lisez toujours la politique de confidentialit\u00e9 du site Web que vous visitez.<\/p>\n<p><strong>Modifie la politique de confidentialit\u00e9<\/strong><br \/>\nSur la base de nouveaux d\u00e9veloppements, les textes de ce site Web et la politique de confidentialit\u00e9 peuvent \u00eatre modifi\u00e9s par nous, par exemple dans le cadre de nouvelles lois et r\u00e9glementations. Il est donc recommand\u00e9 de consulter notre politique de confidentialit\u00e9 avec une certaine r\u00e9gularit\u00e9.<\/p>\n<p><strong>Questions et commentaires<\/strong><br \/>\nSi vous avez des questions ou des commentaires sur notre politique de confidentialit\u00e9, nous aimerions les entendre. Veuillez nous en informer via le <a href=\"https:\/\/wholesale.lobo-west.be\/fr\/contacter\/\">formulaire de contact<\/a> sur notre site Web ou par e-mail.<\/p>\n<\/div><\/section><\/p><\/div>\n","protected":false},"excerpt":{"rendered":"","protected":false},"author":1,"featured_media":0,"parent":111,"menu_order":0,"comment_status":"closed","ping_status":"closed","template":"","meta":{"footnotes":""},"class_list":["post-123","page","type-page","status-publish","hentry"],"yoast_head":"<!-- This site is optimized with the Yoast SEO plugin v27.4 - https:\/\/yoast.com\/product\/yoast-seo-wordpress\/ -->\n<title>Privacy - Lobo-west.be - Wholesale<\/title>\n<meta name=\"robots\" content=\"index, follow, max-snippet:-1, max-image-preview:large, max-video-preview:-1\" \/>\n<link rel=\"canonical\" href=\"https:\/\/wholesale.lobo-west.be\/fr\/contacter\/privacy\/\" \/>\n<meta property=\"og:locale\" content=\"fr_FR\" \/>\n<meta property=\"og:type\" content=\"article\" \/>\n<meta property=\"og:title\" content=\"Privacy - Lobo-west.be - Wholesale\" \/>\n<meta property=\"og:url\" content=\"https:\/\/wholesale.lobo-west.be\/fr\/contacter\/privacy\/\" \/>\n<meta property=\"og:site_name\" content=\"Lobo-west.be - Wholesale\" \/>\n<meta property=\"article:publisher\" content=\"https:\/\/www.facebook.com\/lobonaturepetfood\" \/>\n<meta property=\"article:modified_time\" content=\"2022-02-08T13:01:06+00:00\" \/>\n<meta name=\"twitter:card\" content=\"summary_large_image\" \/>\n<meta name=\"twitter:label1\" content=\"Dur\u00e9e de lecture estim\u00e9e\" \/>\n\t<meta name=\"twitter:data1\" content=\"8 minutes\" \/>\n<script type=\"application\/ld+json\" class=\"yoast-schema-graph\">{\"@context\":\"https:\\\/\\\/schema.org\",\"@graph\":[{\"@type\":\"WebPage\",\"@id\":\"https:\\\/\\\/wholesale.lobo-west.be\\\/fr\\\/contacter\\\/privacy\\\/\",\"url\":\"https:\\\/\\\/wholesale.lobo-west.be\\\/fr\\\/contacter\\\/privacy\\\/\",\"name\":\"Privacy - Lobo-west.be - Wholesale\",\"isPartOf\":{\"@id\":\"https:\\\/\\\/wholesale.lobo-west.be\\\/nl\\\/#website\"},\"datePublished\":\"2022-02-08T11:00:24+00:00\",\"dateModified\":\"2022-02-08T13:01:06+00:00\",\"breadcrumb\":{\"@id\":\"https:\\\/\\\/wholesale.lobo-west.be\\\/fr\\\/contacter\\\/privacy\\\/#breadcrumb\"},\"inLanguage\":\"fr-FR\",\"potentialAction\":[{\"@type\":\"ReadAction\",\"target\":[\"https:\\\/\\\/wholesale.lobo-west.be\\\/fr\\\/contacter\\\/privacy\\\/\"]}]},{\"@type\":\"BreadcrumbList\",\"@id\":\"https:\\\/\\\/wholesale.lobo-west.be\\\/fr\\\/contacter\\\/privacy\\\/#breadcrumb\",\"itemListElement\":[{\"@type\":\"ListItem\",\"position\":1,\"name\":\"Home\",\"item\":\"https:\\\/\\\/wholesale.lobo-west.be\\\/fr\\\/boutique\\\/\"},{\"@type\":\"ListItem\",\"position\":2,\"name\":\"Contacter\",\"item\":\"https:\\\/\\\/wholesale.lobo-west.be\\\/fr\\\/contacter\\\/\"},{\"@type\":\"ListItem\",\"position\":3,\"name\":\"Privacy\"}]},{\"@type\":\"WebSite\",\"@id\":\"https:\\\/\\\/wholesale.lobo-west.be\\\/nl\\\/#website\",\"url\":\"https:\\\/\\\/wholesale.lobo-west.be\\\/nl\\\/\",\"name\":\"Lobo-west.be - Wholesale\",\"description\":\"Lobo nature petfood voor groothandel en en fokkers\",\"publisher\":{\"@id\":\"https:\\\/\\\/wholesale.lobo-west.be\\\/nl\\\/#organization\"},\"potentialAction\":[{\"@type\":\"SearchAction\",\"target\":{\"@type\":\"EntryPoint\",\"urlTemplate\":\"https:\\\/\\\/wholesale.lobo-west.be\\\/nl\\\/?s={search_term_string}\"},\"query-input\":{\"@type\":\"PropertyValueSpecification\",\"valueRequired\":true,\"valueName\":\"search_term_string\"}}],\"inLanguage\":\"fr-FR\"},{\"@type\":\"Organization\",\"@id\":\"https:\\\/\\\/wholesale.lobo-west.be\\\/nl\\\/#organization\",\"name\":\"Lobo West\",\"url\":\"https:\\\/\\\/wholesale.lobo-west.be\\\/nl\\\/\",\"logo\":{\"@type\":\"ImageObject\",\"inLanguage\":\"fr-FR\",\"@id\":\"https:\\\/\\\/wholesale.lobo-west.be\\\/nl\\\/#\\\/schema\\\/logo\\\/image\\\/\",\"url\":\"https:\\\/\\\/wholesale.lobo-west.be\\\/wp-content\\\/uploads\\\/2022\\\/02\\\/logo-lobo-transparant-300x300-1.png\",\"contentUrl\":\"https:\\\/\\\/wholesale.lobo-west.be\\\/wp-content\\\/uploads\\\/2022\\\/02\\\/logo-lobo-transparant-300x300-1.png\",\"width\":300,\"height\":300,\"caption\":\"Lobo West\"},\"image\":{\"@id\":\"https:\\\/\\\/wholesale.lobo-west.be\\\/nl\\\/#\\\/schema\\\/logo\\\/image\\\/\"},\"sameAs\":[\"https:\\\/\\\/www.facebook.com\\\/lobonaturepetfood\",\"https:\\\/\\\/www.instagram.com\\\/lobowestpetfood\\\/\"]}]}<\/script>\n<!-- \/ Yoast SEO plugin. -->","yoast_head_json":{"title":"Privacy - Lobo-west.be - Wholesale","robots":{"index":"index","follow":"follow","max-snippet":"max-snippet:-1","max-image-preview":"max-image-preview:large","max-video-preview":"max-video-preview:-1"},"canonical":"https:\/\/wholesale.lobo-west.be\/fr\/contacter\/privacy\/","og_locale":"fr_FR","og_type":"article","og_title":"Privacy - Lobo-west.be - Wholesale","og_url":"https:\/\/wholesale.lobo-west.be\/fr\/contacter\/privacy\/","og_site_name":"Lobo-west.be - Wholesale","article_publisher":"https:\/\/www.facebook.com\/lobonaturepetfood","article_modified_time":"2022-02-08T13:01:06+00:00","twitter_card":"summary_large_image","twitter_misc":{"Dur\u00e9e de lecture estim\u00e9e":"8 minutes"},"schema":{"@context":"https:\/\/schema.org","@graph":[{"@type":"WebPage","@id":"https:\/\/wholesale.lobo-west.be\/fr\/contacter\/privacy\/","url":"https:\/\/wholesale.lobo-west.be\/fr\/contacter\/privacy\/","name":"Privacy - Lobo-west.be - Wholesale","isPartOf":{"@id":"https:\/\/wholesale.lobo-west.be\/nl\/#website"},"datePublished":"2022-02-08T11:00:24+00:00","dateModified":"2022-02-08T13:01:06+00:00","breadcrumb":{"@id":"https:\/\/wholesale.lobo-west.be\/fr\/contacter\/privacy\/#breadcrumb"},"inLanguage":"fr-FR","potentialAction":[{"@type":"ReadAction","target":["https:\/\/wholesale.lobo-west.be\/fr\/contacter\/privacy\/"]}]},{"@type":"BreadcrumbList","@id":"https:\/\/wholesale.lobo-west.be\/fr\/contacter\/privacy\/#breadcrumb","itemListElement":[{"@type":"ListItem","position":1,"name":"Home","item":"https:\/\/wholesale.lobo-west.be\/fr\/boutique\/"},{"@type":"ListItem","position":2,"name":"Contacter","item":"https:\/\/wholesale.lobo-west.be\/fr\/contacter\/"},{"@type":"ListItem","position":3,"name":"Privacy"}]},{"@type":"WebSite","@id":"https:\/\/wholesale.lobo-west.be\/nl\/#website","url":"https:\/\/wholesale.lobo-west.be\/nl\/","name":"Lobo-west.be - Wholesale","description":"Lobo nature petfood voor groothandel en en fokkers","publisher":{"@id":"https:\/\/wholesale.lobo-west.be\/nl\/#organization"},"potentialAction":[{"@type":"SearchAction","target":{"@type":"EntryPoint","urlTemplate":"https:\/\/wholesale.lobo-west.be\/nl\/?s={search_term_string}"},"query-input":{"@type":"PropertyValueSpecification","valueRequired":true,"valueName":"search_term_string"}}],"inLanguage":"fr-FR"},{"@type":"Organization","@id":"https:\/\/wholesale.lobo-west.be\/nl\/#organization","name":"Lobo West","url":"https:\/\/wholesale.lobo-west.be\/nl\/","logo":{"@type":"ImageObject","inLanguage":"fr-FR","@id":"https:\/\/wholesale.lobo-west.be\/nl\/#\/schema\/logo\/image\/","url":"https:\/\/wholesale.lobo-west.be\/wp-content\/uploads\/2022\/02\/logo-lobo-transparant-300x300-1.png","contentUrl":"https:\/\/wholesale.lobo-west.be\/wp-content\/uploads\/2022\/02\/logo-lobo-transparant-300x300-1.png","width":300,"height":300,"caption":"Lobo West"},"image":{"@id":"https:\/\/wholesale.lobo-west.be\/nl\/#\/schema\/logo\/image\/"},"sameAs":["https:\/\/www.facebook.com\/lobonaturepetfood","https:\/\/www.instagram.com\/lobowestpetfood\/"]}]}},"jetpack_sharing_enabled":true,"_links":{"self":[{"href":"https:\/\/wholesale.lobo-west.be\/fr\/wp-json\/wp\/v2\/pages\/123","targetHints":{"allow":["GET"]}}],"collection":[{"href":"https:\/\/wholesale.lobo-west.be\/fr\/wp-json\/wp\/v2\/pages"}],"about":[{"href":"https:\/\/wholesale.lobo-west.be\/fr\/wp-json\/wp\/v2\/types\/page"}],"author":[{"embeddable":true,"href":"https:\/\/wholesale.lobo-west.be\/fr\/wp-json\/wp\/v2\/users\/1"}],"replies":[{"embeddable":true,"href":"https:\/\/wholesale.lobo-west.be\/fr\/wp-json\/wp\/v2\/comments?post=123"}],"version-history":[{"count":0,"href":"https:\/\/wholesale.lobo-west.be\/fr\/wp-json\/wp\/v2\/pages\/123\/revisions"}],"up":[{"embeddable":true,"href":"https:\/\/wholesale.lobo-west.be\/fr\/wp-json\/wp\/v2\/pages\/111"}],"wp:attachment":[{"href":"https:\/\/wholesale.lobo-west.be\/fr\/wp-json\/wp\/v2\/media?parent=123"}],"curies":[{"name":"wp","href":"https:\/\/api.w.org\/{rel}","templated":true}]}}