{"id":281,"date":"2022-02-17T10:33:35","date_gmt":"2022-02-17T09:33:35","guid":{"rendered":"https:\/\/wholesale.lobo-west.be\/product\/lobo-adult-special\/"},"modified":"2022-03-18T09:08:14","modified_gmt":"2022-03-18T08:08:14","slug":"lobo-adult-special","status":"publish","type":"product","link":"https:\/\/wholesale.lobo-west.be\/fr\/produit\/lobo-adult-special\/","title":{"rendered":"LOBO Adult Special"},"content":{"rendered":"<p><strong>LOBO Adult Special <\/strong>c&rsquo;est un repas tr\u00e8s attractif qui se compose \u00e0 la fois d\u2019un granul\u00e9 complet et de grains expans\u00e9s (22%). Le tout est enrichi de graisses savoureuses (dont de la graisse de mouton) (1%) et est pourvu d\u2019additifs suppl\u00e9mentaires dont de la sauge (0,1%), de l\u2019ail (0,5%) et des produits s\u00e9ch\u00e9s du rumen (1%). Adult Special est un concept totalement diff\u00e9rent. Aucun probl\u00e8me d\u2019acceptation, tr\u00e8s bonne digestion et aide \u00e0 renforcer la flore intestinale. L\u2019\u00e9tat g\u00e9n\u00e9ral du chien (et notamment la peau et le pelage) est le r\u00e9sultat direct du traitement sp\u00e9cial de tous les ingr\u00e9dients. Le tout est extra enrichi en huile de saumon (1%). Peut \u00eatre donn\u00e9 aux chiens de plus d\u2019un an. Ne pas ajouter d\u2019eau \u2013 fournir de l\u2019eau potable.<\/p>\n<p><strong>Composition :<\/strong><br \/>\nGrains expans\u00e9s (22%), orge, graisse de volaille, prot\u00e9ines animales s\u00e9ch\u00e9es 10,0%, ma\u00efs, agneau s\u00e9ch\u00e9 4%, poulet s\u00e9ch\u00e9 1,5%, huile de saumon 1,0%, pois, farine de poisson 0,7%, oeuf 0,25%, produits s\u00e9ch\u00e9s du rumen (1%), sauge (0,1%), ail (0,5%), inuline, levure.<\/p>\n","protected":false},"excerpt":{"rendered":"<p>Un repas tr\u00e8s attractif qui se compose \u00e0 la fois d\u2019un granul\u00e9 complet et de grains expans\u00e9s (22%). Le tout est enrichi de graisses savoureuses (dont de la graisse de mouton) (1%) et est pourvu d\u2019additifs suppl\u00e9mentaires dont de la sauge (0,1%), de l\u2019ail (0,5%) et des produits s\u00e9ch\u00e9s du rumen (1%). Adult Special est un concept totalement diff\u00e9rent. Aucun probl\u00e8me d\u2019acceptation, tr\u00e8s bonne digestion et aide \u00e0 renforcer la flore intestinale. L\u2019\u00e9tat g\u00e9n\u00e9ral du chien (et notamment la peau et le pelage) est le r\u00e9sultat direct du traitement sp\u00e9cial de tous les ingr\u00e9dients. Le tout est extra enrichi en huile de saumon (1%). Peut \u00eatre donn\u00e9 aux chiens de plus d\u2019un an. Ne pas ajouter d\u2019eau \u2013 fournir de l\u2019eau potable.<\/p>\n<p><strong>Composition :<\/strong><br \/>\nGrains expans\u00e9s (22%), orge, graisse de volaille, prot\u00e9ines animales s\u00e9ch\u00e9es 10,0%, ma\u00efs, agneau s\u00e9ch\u00e9 4%, poulet s\u00e9ch\u00e9 1,5%, huile de saumon 1,0%, pois, farine de poisson 0,7%, oeuf 0,25%, produits s\u00e9ch\u00e9s du rumen (1%), sauge (0,1%), ail (0,5%), inuline, levure.<\/p>\n","protected":false},"featured_media":270,"comment_status":"closed","ping_status":"closed","template":"","meta":[],"product_brand":[],"product_cat":[43],"product_tag":[53],"class_list":{"0":"post-281","1":"product","2":"type-product","3":"status-publish","4":"has-post-thumbnail","6":"product_cat-lobo-nature-petfood-fr","7":"product_tag-les-croquettes-chien","9":"first","10":"instock","11":"taxable","12":"shipping-taxable","13":"purchasable","14":"product-type-simple"},"yoast_head":"<!-- This site is optimized with the Yoast SEO plugin v27.4 - https:\/\/yoast.com\/product\/yoast-seo-wordpress\/ -->\n<title>LOBO Adult Special - Lobo-west.be - Wholesale<\/title>\n<meta name=\"description\" content=\"LOBO Adult Special is een zeer aantrekkelijke maaltijd die zowel bestaat uit een complete korrel als uit ge\u00ebxpandeerde granen (22%).\" \/>\n<meta name=\"robots\" content=\"index, follow, max-snippet:-1, max-image-preview:large, max-video-preview:-1\" \/>\n<link rel=\"canonical\" href=\"https:\/\/wholesale.lobo-west.be\/nl\/produit\/lobo-adult-special\/\" \/>\n<meta property=\"og:locale\" content=\"fr_FR\" \/>\n<meta property=\"og:type\" content=\"article\" \/>\n<meta property=\"og:title\" content=\"LOBO Adult Special - Lobo-west.be - Wholesale\" \/>\n<meta property=\"og:description\" content=\"LOBO Adult Special is een zeer aantrekkelijke maaltijd die zowel bestaat uit een complete korrel als uit ge\u00ebxpandeerde granen (22%).\" \/>\n<meta property=\"og:url\" content=\"https:\/\/wholesale.lobo-west.be\/nl\/produit\/lobo-adult-special\/\" \/>\n<meta property=\"og:site_name\" content=\"Lobo-west.be - Wholesale\" \/>\n<meta property=\"article:publisher\" content=\"https:\/\/www.facebook.com\/lobonaturepetfood\" \/>\n<meta property=\"article:modified_time\" content=\"2022-03-18T08:08:14+00:00\" \/>\n<meta property=\"og:image\" content=\"https:\/\/wholesale.lobo-west.be\/wp-content\/uploads\/2022\/02\/adult-special.jpg\" \/>\n\t<meta property=\"og:image:width\" content=\"737\" \/>\n\t<meta property=\"og:image:height\" content=\"737\" \/>\n\t<meta property=\"og:image:type\" content=\"image\/jpeg\" \/>\n<meta name=\"twitter:card\" content=\"summary_large_image\" \/>\n<meta name=\"twitter:label1\" content=\"Dur\u00e9e de lecture estim\u00e9e\" \/>\n\t<meta name=\"twitter:data1\" content=\"1 minute\" \/>\n<script type=\"application\/ld+json\" class=\"yoast-schema-graph\">{\"@context\":\"https:\\\/\\\/schema.org\",\"@graph\":[{\"@type\":\"WebPage\",\"@id\":\"https:\\\/\\\/wholesale.lobo-west.be\\\/nl\\\/produit\\\/lobo-adult-special\\\/\",\"url\":\"https:\\\/\\\/wholesale.lobo-west.be\\\/nl\\\/produit\\\/lobo-adult-special\\\/\",\"name\":\"LOBO Adult Special - Lobo-west.be - Wholesale\",\"isPartOf\":{\"@id\":\"https:\\\/\\\/wholesale.lobo-west.be\\\/nl\\\/#website\"},\"primaryImageOfPage\":{\"@id\":\"https:\\\/\\\/wholesale.lobo-west.be\\\/nl\\\/produit\\\/lobo-adult-special\\\/#primaryimage\"},\"image\":{\"@id\":\"https:\\\/\\\/wholesale.lobo-west.be\\\/nl\\\/produit\\\/lobo-adult-special\\\/#primaryimage\"},\"thumbnailUrl\":\"https:\\\/\\\/wholesale.lobo-west.be\\\/wp-content\\\/uploads\\\/2022\\\/02\\\/adult-special.jpg\",\"datePublished\":\"2022-02-17T09:33:35+00:00\",\"dateModified\":\"2022-03-18T08:08:14+00:00\",\"description\":\"LOBO Adult Special is een zeer aantrekkelijke maaltijd die zowel bestaat uit een complete korrel als uit ge\u00ebxpandeerde granen (22%).\",\"breadcrumb\":{\"@id\":\"https:\\\/\\\/wholesale.lobo-west.be\\\/nl\\\/produit\\\/lobo-adult-special\\\/#breadcrumb\"},\"inLanguage\":\"fr-FR\",\"potentialAction\":[{\"@type\":\"ReadAction\",\"target\":[\"https:\\\/\\\/wholesale.lobo-west.be\\\/nl\\\/produit\\\/lobo-adult-special\\\/\"]}]},{\"@type\":\"ImageObject\",\"inLanguage\":\"fr-FR\",\"@id\":\"https:\\\/\\\/wholesale.lobo-west.be\\\/nl\\\/produit\\\/lobo-adult-special\\\/#primaryimage\",\"url\":\"https:\\\/\\\/wholesale.lobo-west.be\\\/wp-content\\\/uploads\\\/2022\\\/02\\\/adult-special.jpg\",\"contentUrl\":\"https:\\\/\\\/wholesale.lobo-west.be\\\/wp-content\\\/uploads\\\/2022\\\/02\\\/adult-special.jpg\",\"width\":737,\"height\":737,\"caption\":\"LOBO Adult Special\"},{\"@type\":\"BreadcrumbList\",\"@id\":\"https:\\\/\\\/wholesale.lobo-west.be\\\/nl\\\/produit\\\/lobo-adult-special\\\/#breadcrumb\",\"itemListElement\":[{\"@type\":\"ListItem\",\"position\":1,\"name\":\"Home\",\"item\":\"https:\\\/\\\/wholesale.lobo-west.be\\\/fr\\\/boutique\\\/\"},{\"@type\":\"ListItem\",\"position\":2,\"name\":\"Boutique\",\"item\":\"https:\\\/\\\/wholesale.lobo-west.be\\\/fr\\\/boutique\\\/\"},{\"@type\":\"ListItem\",\"position\":3,\"name\":\"LOBO Adult Special\"}]},{\"@type\":\"WebSite\",\"@id\":\"https:\\\/\\\/wholesale.lobo-west.be\\\/nl\\\/#website\",\"url\":\"https:\\\/\\\/wholesale.lobo-west.be\\\/nl\\\/\",\"name\":\"Lobo-west.be - Wholesale\",\"description\":\"Lobo nature petfood voor groothandel en en fokkers\",\"publisher\":{\"@id\":\"https:\\\/\\\/wholesale.lobo-west.be\\\/nl\\\/#organization\"},\"potentialAction\":[{\"@type\":\"SearchAction\",\"target\":{\"@type\":\"EntryPoint\",\"urlTemplate\":\"https:\\\/\\\/wholesale.lobo-west.be\\\/nl\\\/?s={search_term_string}\"},\"query-input\":{\"@type\":\"PropertyValueSpecification\",\"valueRequired\":true,\"valueName\":\"search_term_string\"}}],\"inLanguage\":\"fr-FR\"},{\"@type\":\"Organization\",\"@id\":\"https:\\\/\\\/wholesale.lobo-west.be\\\/nl\\\/#organization\",\"name\":\"Lobo West\",\"url\":\"https:\\\/\\\/wholesale.lobo-west.be\\\/nl\\\/\",\"logo\":{\"@type\":\"ImageObject\",\"inLanguage\":\"fr-FR\",\"@id\":\"https:\\\/\\\/wholesale.lobo-west.be\\\/nl\\\/#\\\/schema\\\/logo\\\/image\\\/\",\"url\":\"https:\\\/\\\/wholesale.lobo-west.be\\\/wp-content\\\/uploads\\\/2022\\\/02\\\/logo-lobo-transparant-300x300-1.png\",\"contentUrl\":\"https:\\\/\\\/wholesale.lobo-west.be\\\/wp-content\\\/uploads\\\/2022\\\/02\\\/logo-lobo-transparant-300x300-1.png\",\"width\":300,\"height\":300,\"caption\":\"Lobo West\"},\"image\":{\"@id\":\"https:\\\/\\\/wholesale.lobo-west.be\\\/nl\\\/#\\\/schema\\\/logo\\\/image\\\/\"},\"sameAs\":[\"https:\\\/\\\/www.facebook.com\\\/lobonaturepetfood\",\"https:\\\/\\\/www.instagram.com\\\/lobowestpetfood\\\/\"]}]}<\/script>\n<!-- \/ Yoast SEO plugin. -->","yoast_head_json":{"title":"LOBO Adult Special - Lobo-west.be - Wholesale","description":"LOBO Adult Special is een zeer aantrekkelijke maaltijd die zowel bestaat uit een complete korrel als uit ge\u00ebxpandeerde granen (22%).","robots":{"index":"index","follow":"follow","max-snippet":"max-snippet:-1","max-image-preview":"max-image-preview:large","max-video-preview":"max-video-preview:-1"},"canonical":"https:\/\/wholesale.lobo-west.be\/nl\/produit\/lobo-adult-special\/","og_locale":"fr_FR","og_type":"article","og_title":"LOBO Adult Special - Lobo-west.be - Wholesale","og_description":"LOBO Adult Special is een zeer aantrekkelijke maaltijd die zowel bestaat uit een complete korrel als uit ge\u00ebxpandeerde granen (22%).","og_url":"https:\/\/wholesale.lobo-west.be\/nl\/produit\/lobo-adult-special\/","og_site_name":"Lobo-west.be - Wholesale","article_publisher":"https:\/\/www.facebook.com\/lobonaturepetfood","article_modified_time":"2022-03-18T08:08:14+00:00","og_image":[{"width":737,"height":737,"url":"https:\/\/wholesale.lobo-west.be\/wp-content\/uploads\/2022\/02\/adult-special.jpg","type":"image\/jpeg"}],"twitter_card":"summary_large_image","twitter_misc":{"Dur\u00e9e de lecture estim\u00e9e":"1 minute"},"schema":{"@context":"https:\/\/schema.org","@graph":[{"@type":"WebPage","@id":"https:\/\/wholesale.lobo-west.be\/nl\/produit\/lobo-adult-special\/","url":"https:\/\/wholesale.lobo-west.be\/nl\/produit\/lobo-adult-special\/","name":"LOBO Adult Special - Lobo-west.be - Wholesale","isPartOf":{"@id":"https:\/\/wholesale.lobo-west.be\/nl\/#website"},"primaryImageOfPage":{"@id":"https:\/\/wholesale.lobo-west.be\/nl\/produit\/lobo-adult-special\/#primaryimage"},"image":{"@id":"https:\/\/wholesale.lobo-west.be\/nl\/produit\/lobo-adult-special\/#primaryimage"},"thumbnailUrl":"https:\/\/wholesale.lobo-west.be\/wp-content\/uploads\/2022\/02\/adult-special.jpg","datePublished":"2022-02-17T09:33:35+00:00","dateModified":"2022-03-18T08:08:14+00:00","description":"LOBO Adult Special is een zeer aantrekkelijke maaltijd die zowel bestaat uit een complete korrel als uit ge\u00ebxpandeerde granen (22%).","breadcrumb":{"@id":"https:\/\/wholesale.lobo-west.be\/nl\/produit\/lobo-adult-special\/#breadcrumb"},"inLanguage":"fr-FR","potentialAction":[{"@type":"ReadAction","target":["https:\/\/wholesale.lobo-west.be\/nl\/produit\/lobo-adult-special\/"]}]},{"@type":"ImageObject","inLanguage":"fr-FR","@id":"https:\/\/wholesale.lobo-west.be\/nl\/produit\/lobo-adult-special\/#primaryimage","url":"https:\/\/wholesale.lobo-west.be\/wp-content\/uploads\/2022\/02\/adult-special.jpg","contentUrl":"https:\/\/wholesale.lobo-west.be\/wp-content\/uploads\/2022\/02\/adult-special.jpg","width":737,"height":737,"caption":"LOBO Adult Special"},{"@type":"BreadcrumbList","@id":"https:\/\/wholesale.lobo-west.be\/nl\/produit\/lobo-adult-special\/#breadcrumb","itemListElement":[{"@type":"ListItem","position":1,"name":"Home","item":"https:\/\/wholesale.lobo-west.be\/fr\/boutique\/"},{"@type":"ListItem","position":2,"name":"Boutique","item":"https:\/\/wholesale.lobo-west.be\/fr\/boutique\/"},{"@type":"ListItem","position":3,"name":"LOBO Adult Special"}]},{"@type":"WebSite","@id":"https:\/\/wholesale.lobo-west.be\/nl\/#website","url":"https:\/\/wholesale.lobo-west.be\/nl\/","name":"Lobo-west.be - Wholesale","description":"Lobo nature petfood voor groothandel en en fokkers","publisher":{"@id":"https:\/\/wholesale.lobo-west.be\/nl\/#organization"},"potentialAction":[{"@type":"SearchAction","target":{"@type":"EntryPoint","urlTemplate":"https:\/\/wholesale.lobo-west.be\/nl\/?s={search_term_string}"},"query-input":{"@type":"PropertyValueSpecification","valueRequired":true,"valueName":"search_term_string"}}],"inLanguage":"fr-FR"},{"@type":"Organization","@id":"https:\/\/wholesale.lobo-west.be\/nl\/#organization","name":"Lobo West","url":"https:\/\/wholesale.lobo-west.be\/nl\/","logo":{"@type":"ImageObject","inLanguage":"fr-FR","@id":"https:\/\/wholesale.lobo-west.be\/nl\/#\/schema\/logo\/image\/","url":"https:\/\/wholesale.lobo-west.be\/wp-content\/uploads\/2022\/02\/logo-lobo-transparant-300x300-1.png","contentUrl":"https:\/\/wholesale.lobo-west.be\/wp-content\/uploads\/2022\/02\/logo-lobo-transparant-300x300-1.png","width":300,"height":300,"caption":"Lobo West"},"image":{"@id":"https:\/\/wholesale.lobo-west.be\/nl\/#\/schema\/logo\/image\/"},"sameAs":["https:\/\/www.facebook.com\/lobonaturepetfood","https:\/\/www.instagram.com\/lobowestpetfood\/"]}]}},"jetpack_sharing_enabled":true,"_links":{"self":[{"href":"https:\/\/wholesale.lobo-west.be\/fr\/wp-json\/wp\/v2\/product\/281","targetHints":{"allow":["GET"]}}],"collection":[{"href":"https:\/\/wholesale.lobo-west.be\/fr\/wp-json\/wp\/v2\/product"}],"about":[{"href":"https:\/\/wholesale.lobo-west.be\/fr\/wp-json\/wp\/v2\/types\/product"}],"replies":[{"embeddable":true,"href":"https:\/\/wholesale.lobo-west.be\/fr\/wp-json\/wp\/v2\/comments?post=281"}],"wp:featuredmedia":[{"embeddable":true,"href":"https:\/\/wholesale.lobo-west.be\/fr\/wp-json\/wp\/v2\/media\/270"}],"wp:attachment":[{"href":"https:\/\/wholesale.lobo-west.be\/fr\/wp-json\/wp\/v2\/media?parent=281"}],"wp:term":[{"taxonomy":"product_brand","embeddable":true,"href":"https:\/\/wholesale.lobo-west.be\/fr\/wp-json\/wp\/v2\/product_brand?post=281"},{"taxonomy":"product_cat","embeddable":true,"href":"https:\/\/wholesale.lobo-west.be\/fr\/wp-json\/wp\/v2\/product_cat?post=281"},{"taxonomy":"product_tag","embeddable":true,"href":"https:\/\/wholesale.lobo-west.be\/fr\/wp-json\/wp\/v2\/product_tag?post=281"}],"curies":[{"name":"wp","href":"https:\/\/api.w.org\/{rel}","templated":true}]}}