{"id":289,"date":"2022-02-17T10:11:39","date_gmt":"2022-02-17T09:11:39","guid":{"rendered":"https:\/\/wholesale.lobo-west.be\/product\/lobo-premium-prestige\/"},"modified":"2022-02-17T10:11:39","modified_gmt":"2022-02-17T09:11:39","slug":"lobo-premium-prestige","status":"publish","type":"product","link":"https:\/\/wholesale.lobo-west.be\/fr\/produit\/lobo-premium-prestige\/","title":{"rendered":"LOBO Premium Prestige"},"content":{"rendered":"<p><strong>Prestige<\/strong>\u00a0est un aliment complet pour sportifs avec une teneur \u00e9lev\u00e9e en prot\u00e9ines et en graisses. Ce granul\u00e9 r\u00e9pond aux exigences du chien qui doit souvent fournir des performances \u00e9lev\u00e9es. Les ingr\u00e9dients de base sont le poulet (18%) et le riz (5%). V\u00e9rifiez si le chien peut supporter ce repas sur une plus longue p\u00e9riode. Donnez-lui de la nourriture s\u00e8che et de l\u2019eau fra\u00eeche.<\/p>\n<p><strong>Composition :<\/strong>\u00a0Poulet (18%), riz (5%), huile de poisson, pulpe de betterave, min\u00e9raux.<\/p>\n<p><strong>Pulpe de betterave :<\/strong>\u00a0La pulpe de betterave est riche en min\u00e9raux et en fibres solubles qui contribuent \u00e0 un bon transit intestinal.<\/p>\n","protected":false},"excerpt":{"rendered":"<p><strong>Prestige<\/strong>\u00a0est un aliment complet pour sportifs avec une teneur \u00e9lev\u00e9e en prot\u00e9ines et en graisses. Ce granul\u00e9 r\u00e9pond aux exigences du chien qui doit souvent fournir des performances \u00e9lev\u00e9es. Les ingr\u00e9dients de base sont le poulet (18%) et le riz (5%). V\u00e9rifiez si le chien peut supporter ce repas sur une plus longue p\u00e9riode. Donnez-lui de la nourriture s\u00e8che et de l\u2019eau fra\u00eeche.<\/p>\n<p><strong>Composition :<\/strong>\u00a0Poulet (18%), riz (5%), huile de poisson, pulpe de betterave, min\u00e9raux.<\/p>\n<p><strong>Pulpe de betterave :<\/strong>\u00a0La pulpe de betterave est riche en min\u00e9raux et en fibres solubles qui contribuent \u00e0 un bon transit intestinal.<\/p>\n","protected":false},"featured_media":254,"comment_status":"closed","ping_status":"closed","template":"","meta":[],"product_brand":[],"product_cat":[43],"product_tag":[53],"class_list":{"0":"post-289","1":"product","2":"type-product","3":"status-publish","4":"has-post-thumbnail","6":"product_cat-lobo-nature-petfood-fr","7":"product_tag-les-croquettes-chien","9":"first","10":"instock","11":"taxable","12":"shipping-taxable","13":"purchasable","14":"product-type-simple"},"yoast_head":"<!-- This site is optimized with the Yoast SEO plugin v27.4 - https:\/\/yoast.com\/product\/yoast-seo-wordpress\/ -->\n<title>LOBO Premium Prestige - Lobo-west.be - Wholesale<\/title>\n<meta name=\"description\" content=\"LOBO Premium Prestige voldoet aan de eisen van de hond die vaak hoge prestaties moet leveren. De basisingredi\u00ebnten zijn kip (18%) en rijst.\" \/>\n<meta name=\"robots\" content=\"index, follow, max-snippet:-1, max-image-preview:large, max-video-preview:-1\" \/>\n<link rel=\"canonical\" href=\"https:\/\/wholesale.lobo-west.be\/nl\/produit\/lobo-premium-prestige\/\" \/>\n<meta property=\"og:locale\" content=\"fr_FR\" \/>\n<meta property=\"og:type\" content=\"article\" \/>\n<meta property=\"og:title\" content=\"LOBO Premium Prestige - Lobo-west.be - Wholesale\" \/>\n<meta property=\"og:description\" content=\"LOBO Premium Prestige voldoet aan de eisen van de hond die vaak hoge prestaties moet leveren. De basisingredi\u00ebnten zijn kip (18%) en rijst.\" \/>\n<meta property=\"og:url\" content=\"https:\/\/wholesale.lobo-west.be\/nl\/produit\/lobo-premium-prestige\/\" \/>\n<meta property=\"og:site_name\" content=\"Lobo-west.be - Wholesale\" \/>\n<meta property=\"article:publisher\" content=\"https:\/\/www.facebook.com\/lobonaturepetfood\" \/>\n<meta property=\"og:image\" content=\"https:\/\/wholesale.lobo-west.be\/wp-content\/uploads\/2022\/02\/prestige.jpg\" \/>\n\t<meta property=\"og:image:width\" content=\"737\" \/>\n\t<meta property=\"og:image:height\" content=\"737\" \/>\n\t<meta property=\"og:image:type\" content=\"image\/jpeg\" \/>\n<meta name=\"twitter:card\" content=\"summary_large_image\" \/>\n<meta name=\"twitter:label1\" content=\"Dur\u00e9e de lecture estim\u00e9e\" \/>\n\t<meta name=\"twitter:data1\" content=\"1 minute\" \/>\n<script type=\"application\/ld+json\" class=\"yoast-schema-graph\">{\"@context\":\"https:\\\/\\\/schema.org\",\"@graph\":[{\"@type\":\"WebPage\",\"@id\":\"https:\\\/\\\/wholesale.lobo-west.be\\\/nl\\\/produit\\\/lobo-premium-prestige\\\/\",\"url\":\"https:\\\/\\\/wholesale.lobo-west.be\\\/nl\\\/produit\\\/lobo-premium-prestige\\\/\",\"name\":\"LOBO Premium Prestige - Lobo-west.be - Wholesale\",\"isPartOf\":{\"@id\":\"https:\\\/\\\/wholesale.lobo-west.be\\\/nl\\\/#website\"},\"primaryImageOfPage\":{\"@id\":\"https:\\\/\\\/wholesale.lobo-west.be\\\/nl\\\/produit\\\/lobo-premium-prestige\\\/#primaryimage\"},\"image\":{\"@id\":\"https:\\\/\\\/wholesale.lobo-west.be\\\/nl\\\/produit\\\/lobo-premium-prestige\\\/#primaryimage\"},\"thumbnailUrl\":\"https:\\\/\\\/wholesale.lobo-west.be\\\/wp-content\\\/uploads\\\/2022\\\/02\\\/prestige.jpg\",\"datePublished\":\"2022-02-17T09:11:39+00:00\",\"description\":\"LOBO Premium Prestige voldoet aan de eisen van de hond die vaak hoge prestaties moet leveren. De basisingredi\u00ebnten zijn kip (18%) en rijst.\",\"breadcrumb\":{\"@id\":\"https:\\\/\\\/wholesale.lobo-west.be\\\/nl\\\/produit\\\/lobo-premium-prestige\\\/#breadcrumb\"},\"inLanguage\":\"fr-FR\",\"potentialAction\":[{\"@type\":\"ReadAction\",\"target\":[\"https:\\\/\\\/wholesale.lobo-west.be\\\/nl\\\/produit\\\/lobo-premium-prestige\\\/\"]}]},{\"@type\":\"ImageObject\",\"inLanguage\":\"fr-FR\",\"@id\":\"https:\\\/\\\/wholesale.lobo-west.be\\\/nl\\\/produit\\\/lobo-premium-prestige\\\/#primaryimage\",\"url\":\"https:\\\/\\\/wholesale.lobo-west.be\\\/wp-content\\\/uploads\\\/2022\\\/02\\\/prestige.jpg\",\"contentUrl\":\"https:\\\/\\\/wholesale.lobo-west.be\\\/wp-content\\\/uploads\\\/2022\\\/02\\\/prestige.jpg\",\"width\":737,\"height\":737,\"caption\":\"LOBO Premium Prestige\"},{\"@type\":\"BreadcrumbList\",\"@id\":\"https:\\\/\\\/wholesale.lobo-west.be\\\/nl\\\/produit\\\/lobo-premium-prestige\\\/#breadcrumb\",\"itemListElement\":[{\"@type\":\"ListItem\",\"position\":1,\"name\":\"Home\",\"item\":\"https:\\\/\\\/wholesale.lobo-west.be\\\/fr\\\/boutique\\\/\"},{\"@type\":\"ListItem\",\"position\":2,\"name\":\"Boutique\",\"item\":\"https:\\\/\\\/wholesale.lobo-west.be\\\/fr\\\/boutique\\\/\"},{\"@type\":\"ListItem\",\"position\":3,\"name\":\"LOBO Premium Prestige\"}]},{\"@type\":\"WebSite\",\"@id\":\"https:\\\/\\\/wholesale.lobo-west.be\\\/nl\\\/#website\",\"url\":\"https:\\\/\\\/wholesale.lobo-west.be\\\/nl\\\/\",\"name\":\"Lobo-west.be - Wholesale\",\"description\":\"Lobo nature petfood voor groothandel en en fokkers\",\"publisher\":{\"@id\":\"https:\\\/\\\/wholesale.lobo-west.be\\\/nl\\\/#organization\"},\"potentialAction\":[{\"@type\":\"SearchAction\",\"target\":{\"@type\":\"EntryPoint\",\"urlTemplate\":\"https:\\\/\\\/wholesale.lobo-west.be\\\/nl\\\/?s={search_term_string}\"},\"query-input\":{\"@type\":\"PropertyValueSpecification\",\"valueRequired\":true,\"valueName\":\"search_term_string\"}}],\"inLanguage\":\"fr-FR\"},{\"@type\":\"Organization\",\"@id\":\"https:\\\/\\\/wholesale.lobo-west.be\\\/nl\\\/#organization\",\"name\":\"Lobo West\",\"url\":\"https:\\\/\\\/wholesale.lobo-west.be\\\/nl\\\/\",\"logo\":{\"@type\":\"ImageObject\",\"inLanguage\":\"fr-FR\",\"@id\":\"https:\\\/\\\/wholesale.lobo-west.be\\\/nl\\\/#\\\/schema\\\/logo\\\/image\\\/\",\"url\":\"https:\\\/\\\/wholesale.lobo-west.be\\\/wp-content\\\/uploads\\\/2022\\\/02\\\/logo-lobo-transparant-300x300-1.png\",\"contentUrl\":\"https:\\\/\\\/wholesale.lobo-west.be\\\/wp-content\\\/uploads\\\/2022\\\/02\\\/logo-lobo-transparant-300x300-1.png\",\"width\":300,\"height\":300,\"caption\":\"Lobo West\"},\"image\":{\"@id\":\"https:\\\/\\\/wholesale.lobo-west.be\\\/nl\\\/#\\\/schema\\\/logo\\\/image\\\/\"},\"sameAs\":[\"https:\\\/\\\/www.facebook.com\\\/lobonaturepetfood\",\"https:\\\/\\\/www.instagram.com\\\/lobowestpetfood\\\/\"]}]}<\/script>\n<!-- \/ Yoast SEO plugin. -->","yoast_head_json":{"title":"LOBO Premium Prestige - Lobo-west.be - Wholesale","description":"LOBO Premium Prestige voldoet aan de eisen van de hond die vaak hoge prestaties moet leveren. De basisingredi\u00ebnten zijn kip (18%) en rijst.","robots":{"index":"index","follow":"follow","max-snippet":"max-snippet:-1","max-image-preview":"max-image-preview:large","max-video-preview":"max-video-preview:-1"},"canonical":"https:\/\/wholesale.lobo-west.be\/nl\/produit\/lobo-premium-prestige\/","og_locale":"fr_FR","og_type":"article","og_title":"LOBO Premium Prestige - Lobo-west.be - Wholesale","og_description":"LOBO Premium Prestige voldoet aan de eisen van de hond die vaak hoge prestaties moet leveren. De basisingredi\u00ebnten zijn kip (18%) en rijst.","og_url":"https:\/\/wholesale.lobo-west.be\/nl\/produit\/lobo-premium-prestige\/","og_site_name":"Lobo-west.be - Wholesale","article_publisher":"https:\/\/www.facebook.com\/lobonaturepetfood","og_image":[{"width":737,"height":737,"url":"https:\/\/wholesale.lobo-west.be\/wp-content\/uploads\/2022\/02\/prestige.jpg","type":"image\/jpeg"}],"twitter_card":"summary_large_image","twitter_misc":{"Dur\u00e9e de lecture estim\u00e9e":"1 minute"},"schema":{"@context":"https:\/\/schema.org","@graph":[{"@type":"WebPage","@id":"https:\/\/wholesale.lobo-west.be\/nl\/produit\/lobo-premium-prestige\/","url":"https:\/\/wholesale.lobo-west.be\/nl\/produit\/lobo-premium-prestige\/","name":"LOBO Premium Prestige - Lobo-west.be - Wholesale","isPartOf":{"@id":"https:\/\/wholesale.lobo-west.be\/nl\/#website"},"primaryImageOfPage":{"@id":"https:\/\/wholesale.lobo-west.be\/nl\/produit\/lobo-premium-prestige\/#primaryimage"},"image":{"@id":"https:\/\/wholesale.lobo-west.be\/nl\/produit\/lobo-premium-prestige\/#primaryimage"},"thumbnailUrl":"https:\/\/wholesale.lobo-west.be\/wp-content\/uploads\/2022\/02\/prestige.jpg","datePublished":"2022-02-17T09:11:39+00:00","description":"LOBO Premium Prestige voldoet aan de eisen van de hond die vaak hoge prestaties moet leveren. De basisingredi\u00ebnten zijn kip (18%) en rijst.","breadcrumb":{"@id":"https:\/\/wholesale.lobo-west.be\/nl\/produit\/lobo-premium-prestige\/#breadcrumb"},"inLanguage":"fr-FR","potentialAction":[{"@type":"ReadAction","target":["https:\/\/wholesale.lobo-west.be\/nl\/produit\/lobo-premium-prestige\/"]}]},{"@type":"ImageObject","inLanguage":"fr-FR","@id":"https:\/\/wholesale.lobo-west.be\/nl\/produit\/lobo-premium-prestige\/#primaryimage","url":"https:\/\/wholesale.lobo-west.be\/wp-content\/uploads\/2022\/02\/prestige.jpg","contentUrl":"https:\/\/wholesale.lobo-west.be\/wp-content\/uploads\/2022\/02\/prestige.jpg","width":737,"height":737,"caption":"LOBO Premium Prestige"},{"@type":"BreadcrumbList","@id":"https:\/\/wholesale.lobo-west.be\/nl\/produit\/lobo-premium-prestige\/#breadcrumb","itemListElement":[{"@type":"ListItem","position":1,"name":"Home","item":"https:\/\/wholesale.lobo-west.be\/fr\/boutique\/"},{"@type":"ListItem","position":2,"name":"Boutique","item":"https:\/\/wholesale.lobo-west.be\/fr\/boutique\/"},{"@type":"ListItem","position":3,"name":"LOBO Premium Prestige"}]},{"@type":"WebSite","@id":"https:\/\/wholesale.lobo-west.be\/nl\/#website","url":"https:\/\/wholesale.lobo-west.be\/nl\/","name":"Lobo-west.be - Wholesale","description":"Lobo nature petfood voor groothandel en en fokkers","publisher":{"@id":"https:\/\/wholesale.lobo-west.be\/nl\/#organization"},"potentialAction":[{"@type":"SearchAction","target":{"@type":"EntryPoint","urlTemplate":"https:\/\/wholesale.lobo-west.be\/nl\/?s={search_term_string}"},"query-input":{"@type":"PropertyValueSpecification","valueRequired":true,"valueName":"search_term_string"}}],"inLanguage":"fr-FR"},{"@type":"Organization","@id":"https:\/\/wholesale.lobo-west.be\/nl\/#organization","name":"Lobo West","url":"https:\/\/wholesale.lobo-west.be\/nl\/","logo":{"@type":"ImageObject","inLanguage":"fr-FR","@id":"https:\/\/wholesale.lobo-west.be\/nl\/#\/schema\/logo\/image\/","url":"https:\/\/wholesale.lobo-west.be\/wp-content\/uploads\/2022\/02\/logo-lobo-transparant-300x300-1.png","contentUrl":"https:\/\/wholesale.lobo-west.be\/wp-content\/uploads\/2022\/02\/logo-lobo-transparant-300x300-1.png","width":300,"height":300,"caption":"Lobo West"},"image":{"@id":"https:\/\/wholesale.lobo-west.be\/nl\/#\/schema\/logo\/image\/"},"sameAs":["https:\/\/www.facebook.com\/lobonaturepetfood","https:\/\/www.instagram.com\/lobowestpetfood\/"]}]}},"jetpack_sharing_enabled":true,"_links":{"self":[{"href":"https:\/\/wholesale.lobo-west.be\/fr\/wp-json\/wp\/v2\/product\/289","targetHints":{"allow":["GET"]}}],"collection":[{"href":"https:\/\/wholesale.lobo-west.be\/fr\/wp-json\/wp\/v2\/product"}],"about":[{"href":"https:\/\/wholesale.lobo-west.be\/fr\/wp-json\/wp\/v2\/types\/product"}],"replies":[{"embeddable":true,"href":"https:\/\/wholesale.lobo-west.be\/fr\/wp-json\/wp\/v2\/comments?post=289"}],"wp:featuredmedia":[{"embeddable":true,"href":"https:\/\/wholesale.lobo-west.be\/fr\/wp-json\/wp\/v2\/media\/254"}],"wp:attachment":[{"href":"https:\/\/wholesale.lobo-west.be\/fr\/wp-json\/wp\/v2\/media?parent=289"}],"wp:term":[{"taxonomy":"product_brand","embeddable":true,"href":"https:\/\/wholesale.lobo-west.be\/fr\/wp-json\/wp\/v2\/product_brand?post=289"},{"taxonomy":"product_cat","embeddable":true,"href":"https:\/\/wholesale.lobo-west.be\/fr\/wp-json\/wp\/v2\/product_cat?post=289"},{"taxonomy":"product_tag","embeddable":true,"href":"https:\/\/wholesale.lobo-west.be\/fr\/wp-json\/wp\/v2\/product_tag?post=289"}],"curies":[{"name":"wp","href":"https:\/\/api.w.org\/{rel}","templated":true}]}}