{"id":297,"date":"2022-02-17T10:02:28","date_gmt":"2022-02-17T09:02:28","guid":{"rendered":"https:\/\/wholesale.lobo-west.be\/product\/lobo-junior\/"},"modified":"2022-02-17T10:02:28","modified_gmt":"2022-02-17T09:02:28","slug":"lobo-junior","status":"publish","type":"product","link":"https:\/\/wholesale.lobo-west.be\/fr\/produit\/lobo-junior\/","title":{"rendered":"LOBO Junior"},"content":{"rendered":"<p>Le successeur id\u00e9al de Puppy Complete pendant toute la p\u00e9riode de croissance. Junior est un granul\u00e9 complet pour les chiens en croissance entre le neuvi\u00e8me et le douzi\u00e8me mois. Cet aliment est pourvu de toutes les valeurs nutritionnelles n\u00e9cessaires pour satisfaire les besoins des jeunes chiens. Il contient du poulet (38%), du riz (12%) et de la levure de bi\u00e8re (1%). Il s\u2019agit d\u2019une formule sans bl\u00e9 ni gluten. Donnez-lui dans un endroit sec et fournissez-lui toujours de l\u2019eau fra\u00eeche.<\/p>\n<p><strong>Composition :<\/strong>\u00a0poulet (38%), riz (12%), levure de bi\u00e8re (1%), pulpe de betterave, huiles et graisses.<\/p>\n<p><strong>Levure de bi\u00e8re :<\/strong>\u00a0bienfaits de la levure de bi\u00e8re pour les chiens. Parce qu\u2019elle est si riche en une grande vari\u00e9t\u00e9 de nutriments, la levure de bi\u00e8re pr\u00e9sente plusieurs avantages pour la sant\u00e9 des chiens.\u00a0L\u2019un des avantages les plus notables est li\u00e9 \u00e0 la teneur en chrome de la levure de bi\u00e8re.\u00a0Le chrome est un oligo-\u00e9l\u00e9ment qui contribue \u00e0 maintenir le taux de sucre dans le sang dans l\u2019organisme.<\/p>\n<p><strong>La levure de bi\u00e8re<\/strong>\u00a0est \u00e9galement riche en antioxydants qui peuvent rendre la peau de votre chien plus saine et son pelage plus brillant.\u00a0Si votre chien souffre de d\u00e9mangeaisons et d\u2019une peau s\u00e8che, la levure de bi\u00e8re peut \u00eatre utile.\u00a0Ce compl\u00e9ment peut \u00e9galement contribuer \u00e0 r\u00e9duire le stress et \u00e0 calmer les nerfs de votre chien gr\u00e2ce \u00e0 une forte concentration en complexe de vitamines B.<\/p>\n","protected":false},"excerpt":{"rendered":"<p>Le successeur id\u00e9al de Puppy Complete pendant toute la p\u00e9riode de croissance. Junior est un granul\u00e9 complet pour les chiens en croissance entre le neuvi\u00e8me et le douzi\u00e8me mois. Cet aliment est pourvu de toutes les valeurs nutritionnelles n\u00e9cessaires pour satisfaire les besoins des jeunes chiens. Il contient du poulet (38%), du riz (12%) et de la levure de bi\u00e8re (1%). Il s\u2019agit d\u2019une formule sans bl\u00e9 ni gluten. Donnez-lui dans un endroit sec et fournissez-lui toujours de l\u2019eau fra\u00eeche.<\/p>\n<p><strong>Composition :<\/strong>\u00a0poulet (38%), riz (12%), levure de bi\u00e8re (1%), pulpe de betterave, huiles et graisses.<\/p>\n<p><strong>Levure de bi\u00e8re :<\/strong>\u00a0bienfaits de la levure de bi\u00e8re pour les chiens. Parce qu\u2019elle est si riche en une grande vari\u00e9t\u00e9 de nutriments, la levure de bi\u00e8re pr\u00e9sente plusieurs avantages pour la sant\u00e9 des chiens.\u00a0L\u2019un des avantages les plus notables est li\u00e9 \u00e0 la teneur en chrome de la levure de bi\u00e8re.\u00a0Le chrome est un oligo-\u00e9l\u00e9ment qui contribue \u00e0 maintenir le taux de sucre dans le sang dans l\u2019organisme.<\/p>\n<p><strong>La levure de bi\u00e8re<\/strong>\u00a0est \u00e9galement riche en antioxydants qui peuvent rendre la peau de votre chien plus saine et son pelage plus brillant.\u00a0Si votre chien souffre de d\u00e9mangeaisons et d\u2019une peau s\u00e8che, la levure de bi\u00e8re peut \u00eatre utile.\u00a0Ce compl\u00e9ment peut \u00e9galement contribuer \u00e0 r\u00e9duire le stress et \u00e0 calmer les nerfs de votre chien gr\u00e2ce \u00e0 une forte concentration en complexe de vitamines B.<\/p>\n","protected":false},"featured_media":243,"comment_status":"closed","ping_status":"closed","template":"","meta":[],"product_brand":[],"product_cat":[43],"product_tag":[53],"class_list":{"0":"post-297","1":"product","2":"type-product","3":"status-publish","4":"has-post-thumbnail","6":"product_cat-lobo-nature-petfood-fr","7":"product_tag-les-croquettes-chien","9":"first","10":"instock","11":"taxable","12":"shipping-taxable","13":"purchasable","14":"product-type-simple"},"yoast_head":"<!-- This site is optimized with the Yoast SEO plugin v27.4 - https:\/\/yoast.com\/product\/yoast-seo-wordpress\/ -->\n<title>LOBO Junior - Lobo-west.be - Wholesale<\/title>\n<meta name=\"description\" content=\"LOBO Junior is een complete korrel voor opgroeiende honden tussen de negende en de twaalfde maand. Deze is een tarwe- en glutenvrije formule.\" \/>\n<meta name=\"robots\" content=\"index, follow, max-snippet:-1, max-image-preview:large, max-video-preview:-1\" \/>\n<link rel=\"canonical\" href=\"https:\/\/wholesale.lobo-west.be\/nl\/produit\/lobo-junior\/\" \/>\n<meta property=\"og:locale\" content=\"fr_FR\" \/>\n<meta property=\"og:type\" content=\"article\" \/>\n<meta property=\"og:title\" content=\"LOBO Junior - Lobo-west.be - Wholesale\" \/>\n<meta property=\"og:description\" content=\"LOBO Junior is een complete korrel voor opgroeiende honden tussen de negende en de twaalfde maand. Deze is een tarwe- en glutenvrije formule.\" \/>\n<meta property=\"og:url\" content=\"https:\/\/wholesale.lobo-west.be\/nl\/produit\/lobo-junior\/\" \/>\n<meta property=\"og:site_name\" content=\"Lobo-west.be - Wholesale\" \/>\n<meta property=\"article:publisher\" content=\"https:\/\/www.facebook.com\/lobonaturepetfood\" \/>\n<meta property=\"og:image\" content=\"https:\/\/wholesale.lobo-west.be\/wp-content\/uploads\/2022\/02\/junior.jpg\" \/>\n\t<meta property=\"og:image:width\" content=\"737\" \/>\n\t<meta property=\"og:image:height\" content=\"737\" \/>\n\t<meta property=\"og:image:type\" content=\"image\/jpeg\" \/>\n<meta name=\"twitter:card\" content=\"summary_large_image\" \/>\n<meta name=\"twitter:label1\" content=\"Dur\u00e9e de lecture estim\u00e9e\" \/>\n\t<meta name=\"twitter:data1\" content=\"1 minute\" \/>\n<script type=\"application\/ld+json\" class=\"yoast-schema-graph\">{\"@context\":\"https:\\\/\\\/schema.org\",\"@graph\":[{\"@type\":\"WebPage\",\"@id\":\"https:\\\/\\\/wholesale.lobo-west.be\\\/nl\\\/produit\\\/lobo-junior\\\/\",\"url\":\"https:\\\/\\\/wholesale.lobo-west.be\\\/nl\\\/produit\\\/lobo-junior\\\/\",\"name\":\"LOBO Junior - Lobo-west.be - Wholesale\",\"isPartOf\":{\"@id\":\"https:\\\/\\\/wholesale.lobo-west.be\\\/nl\\\/#website\"},\"primaryImageOfPage\":{\"@id\":\"https:\\\/\\\/wholesale.lobo-west.be\\\/nl\\\/produit\\\/lobo-junior\\\/#primaryimage\"},\"image\":{\"@id\":\"https:\\\/\\\/wholesale.lobo-west.be\\\/nl\\\/produit\\\/lobo-junior\\\/#primaryimage\"},\"thumbnailUrl\":\"https:\\\/\\\/wholesale.lobo-west.be\\\/wp-content\\\/uploads\\\/2022\\\/02\\\/junior.jpg\",\"datePublished\":\"2022-02-17T09:02:28+00:00\",\"description\":\"LOBO Junior is een complete korrel voor opgroeiende honden tussen de negende en de twaalfde maand. Deze is een tarwe- en glutenvrije formule.\",\"breadcrumb\":{\"@id\":\"https:\\\/\\\/wholesale.lobo-west.be\\\/nl\\\/produit\\\/lobo-junior\\\/#breadcrumb\"},\"inLanguage\":\"fr-FR\",\"potentialAction\":[{\"@type\":\"ReadAction\",\"target\":[\"https:\\\/\\\/wholesale.lobo-west.be\\\/nl\\\/produit\\\/lobo-junior\\\/\"]}]},{\"@type\":\"ImageObject\",\"inLanguage\":\"fr-FR\",\"@id\":\"https:\\\/\\\/wholesale.lobo-west.be\\\/nl\\\/produit\\\/lobo-junior\\\/#primaryimage\",\"url\":\"https:\\\/\\\/wholesale.lobo-west.be\\\/wp-content\\\/uploads\\\/2022\\\/02\\\/junior.jpg\",\"contentUrl\":\"https:\\\/\\\/wholesale.lobo-west.be\\\/wp-content\\\/uploads\\\/2022\\\/02\\\/junior.jpg\",\"width\":737,\"height\":737,\"caption\":\"LOBO Junior\"},{\"@type\":\"BreadcrumbList\",\"@id\":\"https:\\\/\\\/wholesale.lobo-west.be\\\/nl\\\/produit\\\/lobo-junior\\\/#breadcrumb\",\"itemListElement\":[{\"@type\":\"ListItem\",\"position\":1,\"name\":\"Home\",\"item\":\"https:\\\/\\\/wholesale.lobo-west.be\\\/fr\\\/boutique\\\/\"},{\"@type\":\"ListItem\",\"position\":2,\"name\":\"Boutique\",\"item\":\"https:\\\/\\\/wholesale.lobo-west.be\\\/fr\\\/boutique\\\/\"},{\"@type\":\"ListItem\",\"position\":3,\"name\":\"LOBO Junior\"}]},{\"@type\":\"WebSite\",\"@id\":\"https:\\\/\\\/wholesale.lobo-west.be\\\/nl\\\/#website\",\"url\":\"https:\\\/\\\/wholesale.lobo-west.be\\\/nl\\\/\",\"name\":\"Lobo-west.be - Wholesale\",\"description\":\"Lobo nature petfood voor groothandel en en fokkers\",\"publisher\":{\"@id\":\"https:\\\/\\\/wholesale.lobo-west.be\\\/nl\\\/#organization\"},\"potentialAction\":[{\"@type\":\"SearchAction\",\"target\":{\"@type\":\"EntryPoint\",\"urlTemplate\":\"https:\\\/\\\/wholesale.lobo-west.be\\\/nl\\\/?s={search_term_string}\"},\"query-input\":{\"@type\":\"PropertyValueSpecification\",\"valueRequired\":true,\"valueName\":\"search_term_string\"}}],\"inLanguage\":\"fr-FR\"},{\"@type\":\"Organization\",\"@id\":\"https:\\\/\\\/wholesale.lobo-west.be\\\/nl\\\/#organization\",\"name\":\"Lobo West\",\"url\":\"https:\\\/\\\/wholesale.lobo-west.be\\\/nl\\\/\",\"logo\":{\"@type\":\"ImageObject\",\"inLanguage\":\"fr-FR\",\"@id\":\"https:\\\/\\\/wholesale.lobo-west.be\\\/nl\\\/#\\\/schema\\\/logo\\\/image\\\/\",\"url\":\"https:\\\/\\\/wholesale.lobo-west.be\\\/wp-content\\\/uploads\\\/2022\\\/02\\\/logo-lobo-transparant-300x300-1.png\",\"contentUrl\":\"https:\\\/\\\/wholesale.lobo-west.be\\\/wp-content\\\/uploads\\\/2022\\\/02\\\/logo-lobo-transparant-300x300-1.png\",\"width\":300,\"height\":300,\"caption\":\"Lobo West\"},\"image\":{\"@id\":\"https:\\\/\\\/wholesale.lobo-west.be\\\/nl\\\/#\\\/schema\\\/logo\\\/image\\\/\"},\"sameAs\":[\"https:\\\/\\\/www.facebook.com\\\/lobonaturepetfood\",\"https:\\\/\\\/www.instagram.com\\\/lobowestpetfood\\\/\"]}]}<\/script>\n<!-- \/ Yoast SEO plugin. -->","yoast_head_json":{"title":"LOBO Junior - Lobo-west.be - Wholesale","description":"LOBO Junior is een complete korrel voor opgroeiende honden tussen de negende en de twaalfde maand. Deze is een tarwe- en glutenvrije formule.","robots":{"index":"index","follow":"follow","max-snippet":"max-snippet:-1","max-image-preview":"max-image-preview:large","max-video-preview":"max-video-preview:-1"},"canonical":"https:\/\/wholesale.lobo-west.be\/nl\/produit\/lobo-junior\/","og_locale":"fr_FR","og_type":"article","og_title":"LOBO Junior - Lobo-west.be - Wholesale","og_description":"LOBO Junior is een complete korrel voor opgroeiende honden tussen de negende en de twaalfde maand. Deze is een tarwe- en glutenvrije formule.","og_url":"https:\/\/wholesale.lobo-west.be\/nl\/produit\/lobo-junior\/","og_site_name":"Lobo-west.be - Wholesale","article_publisher":"https:\/\/www.facebook.com\/lobonaturepetfood","og_image":[{"width":737,"height":737,"url":"https:\/\/wholesale.lobo-west.be\/wp-content\/uploads\/2022\/02\/junior.jpg","type":"image\/jpeg"}],"twitter_card":"summary_large_image","twitter_misc":{"Dur\u00e9e de lecture estim\u00e9e":"1 minute"},"schema":{"@context":"https:\/\/schema.org","@graph":[{"@type":"WebPage","@id":"https:\/\/wholesale.lobo-west.be\/nl\/produit\/lobo-junior\/","url":"https:\/\/wholesale.lobo-west.be\/nl\/produit\/lobo-junior\/","name":"LOBO Junior - Lobo-west.be - Wholesale","isPartOf":{"@id":"https:\/\/wholesale.lobo-west.be\/nl\/#website"},"primaryImageOfPage":{"@id":"https:\/\/wholesale.lobo-west.be\/nl\/produit\/lobo-junior\/#primaryimage"},"image":{"@id":"https:\/\/wholesale.lobo-west.be\/nl\/produit\/lobo-junior\/#primaryimage"},"thumbnailUrl":"https:\/\/wholesale.lobo-west.be\/wp-content\/uploads\/2022\/02\/junior.jpg","datePublished":"2022-02-17T09:02:28+00:00","description":"LOBO Junior is een complete korrel voor opgroeiende honden tussen de negende en de twaalfde maand. Deze is een tarwe- en glutenvrije formule.","breadcrumb":{"@id":"https:\/\/wholesale.lobo-west.be\/nl\/produit\/lobo-junior\/#breadcrumb"},"inLanguage":"fr-FR","potentialAction":[{"@type":"ReadAction","target":["https:\/\/wholesale.lobo-west.be\/nl\/produit\/lobo-junior\/"]}]},{"@type":"ImageObject","inLanguage":"fr-FR","@id":"https:\/\/wholesale.lobo-west.be\/nl\/produit\/lobo-junior\/#primaryimage","url":"https:\/\/wholesale.lobo-west.be\/wp-content\/uploads\/2022\/02\/junior.jpg","contentUrl":"https:\/\/wholesale.lobo-west.be\/wp-content\/uploads\/2022\/02\/junior.jpg","width":737,"height":737,"caption":"LOBO Junior"},{"@type":"BreadcrumbList","@id":"https:\/\/wholesale.lobo-west.be\/nl\/produit\/lobo-junior\/#breadcrumb","itemListElement":[{"@type":"ListItem","position":1,"name":"Home","item":"https:\/\/wholesale.lobo-west.be\/fr\/boutique\/"},{"@type":"ListItem","position":2,"name":"Boutique","item":"https:\/\/wholesale.lobo-west.be\/fr\/boutique\/"},{"@type":"ListItem","position":3,"name":"LOBO Junior"}]},{"@type":"WebSite","@id":"https:\/\/wholesale.lobo-west.be\/nl\/#website","url":"https:\/\/wholesale.lobo-west.be\/nl\/","name":"Lobo-west.be - Wholesale","description":"Lobo nature petfood voor groothandel en en fokkers","publisher":{"@id":"https:\/\/wholesale.lobo-west.be\/nl\/#organization"},"potentialAction":[{"@type":"SearchAction","target":{"@type":"EntryPoint","urlTemplate":"https:\/\/wholesale.lobo-west.be\/nl\/?s={search_term_string}"},"query-input":{"@type":"PropertyValueSpecification","valueRequired":true,"valueName":"search_term_string"}}],"inLanguage":"fr-FR"},{"@type":"Organization","@id":"https:\/\/wholesale.lobo-west.be\/nl\/#organization","name":"Lobo West","url":"https:\/\/wholesale.lobo-west.be\/nl\/","logo":{"@type":"ImageObject","inLanguage":"fr-FR","@id":"https:\/\/wholesale.lobo-west.be\/nl\/#\/schema\/logo\/image\/","url":"https:\/\/wholesale.lobo-west.be\/wp-content\/uploads\/2022\/02\/logo-lobo-transparant-300x300-1.png","contentUrl":"https:\/\/wholesale.lobo-west.be\/wp-content\/uploads\/2022\/02\/logo-lobo-transparant-300x300-1.png","width":300,"height":300,"caption":"Lobo West"},"image":{"@id":"https:\/\/wholesale.lobo-west.be\/nl\/#\/schema\/logo\/image\/"},"sameAs":["https:\/\/www.facebook.com\/lobonaturepetfood","https:\/\/www.instagram.com\/lobowestpetfood\/"]}]}},"jetpack_sharing_enabled":true,"_links":{"self":[{"href":"https:\/\/wholesale.lobo-west.be\/fr\/wp-json\/wp\/v2\/product\/297","targetHints":{"allow":["GET"]}}],"collection":[{"href":"https:\/\/wholesale.lobo-west.be\/fr\/wp-json\/wp\/v2\/product"}],"about":[{"href":"https:\/\/wholesale.lobo-west.be\/fr\/wp-json\/wp\/v2\/types\/product"}],"replies":[{"embeddable":true,"href":"https:\/\/wholesale.lobo-west.be\/fr\/wp-json\/wp\/v2\/comments?post=297"}],"wp:featuredmedia":[{"embeddable":true,"href":"https:\/\/wholesale.lobo-west.be\/fr\/wp-json\/wp\/v2\/media\/243"}],"wp:attachment":[{"href":"https:\/\/wholesale.lobo-west.be\/fr\/wp-json\/wp\/v2\/media?parent=297"}],"wp:term":[{"taxonomy":"product_brand","embeddable":true,"href":"https:\/\/wholesale.lobo-west.be\/fr\/wp-json\/wp\/v2\/product_brand?post=297"},{"taxonomy":"product_cat","embeddable":true,"href":"https:\/\/wholesale.lobo-west.be\/fr\/wp-json\/wp\/v2\/product_cat?post=297"},{"taxonomy":"product_tag","embeddable":true,"href":"https:\/\/wholesale.lobo-west.be\/fr\/wp-json\/wp\/v2\/product_tag?post=297"}],"curies":[{"name":"wp","href":"https:\/\/api.w.org\/{rel}","templated":true}]}}