{"id":305,"date":"2022-02-17T09:53:28","date_gmt":"2022-02-17T08:53:28","guid":{"rendered":"https:\/\/wholesale.lobo-west.be\/product\/lobo-sensitive-grainfree\/"},"modified":"2022-02-17T09:53:28","modified_gmt":"2022-02-17T08:53:28","slug":"lobo-sensitive-grainfree","status":"publish","type":"product","link":"https:\/\/wholesale.lobo-west.be\/fr\/produit\/lobo-sensitive-grainfree\/","title":{"rendered":"LOBO Sensitive Grainfree"},"content":{"rendered":"<p><strong>LOBO Sensitive Grainfree<\/strong>\u00a0est notre nouvelle croquette dans la gamme de LOBO Nature Petfood. Il s\u2019agit de croquettes Super Premium \u00e0 base de canard et de pommes de terre s\u00e9ch\u00e9es. Il s\u2019agit d\u2019une croquette enti\u00e8rement sans c\u00e9r\u00e9ales et donc hypoallerg\u00e9nique. L\u2019ajout de pr\u00e9biotiques naturels (pulpe de betterave et chicor\u00e9e) a une influence positive sur la flore intestinale, ce qui facilite la digestion. Les croquettes Senitive Grainfree ont une digestibilit\u00e9 tr\u00e8s \u00e9lev\u00e9e et sont id\u00e9alement con\u00e7ues pour les chiens de tous \u00e2ges et de toutes races \u00e0 la digestion sensible, ou pour les chiens qui ont besoin de recettes sans c\u00e9r\u00e9ales. Enrichie en<strong>\u00a0glucosamine et en chondro\u00eftine<\/strong>, cette recette aide \u00e0 maintenir le cartilage des articulations en bonne sant\u00e9. En outre, LOBO Sensitive Grainfree contient du krill antarctique pour une peau saine et un pelage brillant.<\/p>\n<p><strong>Composition :<\/strong><\/p>\n<p>Pomme de terre s\u00e9ch\u00e9e (14%), canard (14%), poulet, graisse de poulet, pois, prot\u00e9ines animales hydrolys\u00e9es, pulpe de betterave s\u00e9ch\u00e9e (2%), chicor\u00e9e s\u00e9ch\u00e9e (2% une source naturelle d\u2019inuline et de FOS), vitamines et min\u00e9raux, farine de caroube, krill antarctique s\u00e9ch\u00e9 (0,5% une source naturelle d\u2019EPA et de DHA), cellulose, glucosamine, chondro\u00eftine, m\u00e9thylsulfonylm\u00e9thane, extraits de plantes (Rosmarinus sp. , Vitis sp., Curcuma sp., Citrus sp. et Syzygium sp.)<\/p>\n<p>Taille du morceau<\/p>\n<p>diam\u00e8tre : 12-14mm<br \/>\nhauteur : 8-10mm<\/p>\n","protected":false},"excerpt":{"rendered":"<p><strong>LOBO Sensitive Grainfree<\/strong>\u00a0est notre nouvelle croquette dans la gamme de LOBO Nature Petfood. Il s\u2019agit de croquettes Super Premium \u00e0 base de canard et de pommes de terre s\u00e9ch\u00e9es. Il s\u2019agit d\u2019une croquette enti\u00e8rement sans c\u00e9r\u00e9ales et donc hypoallerg\u00e9nique. L\u2019ajout de pr\u00e9biotiques naturels (pulpe de betterave et chicor\u00e9e) a une influence positive sur la flore intestinale, ce qui facilite la digestion. Les croquettes Senitive Grainfree ont une digestibilit\u00e9 tr\u00e8s \u00e9lev\u00e9e et sont id\u00e9alement con\u00e7ues pour les chiens de tous \u00e2ges et de toutes races \u00e0 la digestion sensible, ou pour les chiens qui ont besoin de recettes sans c\u00e9r\u00e9ales. Enrichie en<strong>\u00a0glucosamine et en chondro\u00eftine<\/strong>, cette recette aide \u00e0 maintenir le cartilage des articulations en bonne sant\u00e9. En outre, LOBO Sensitive Grainfree contient du krill antarctique pour une peau saine et un pelage brillant.<\/p>\n<p><strong>Composition :<\/strong><\/p>\n<p>Pomme de terre s\u00e9ch\u00e9e (14%), canard (14%), poulet, graisse de poulet, pois, prot\u00e9ines animales hydrolys\u00e9es, pulpe de betterave s\u00e9ch\u00e9e (2%), chicor\u00e9e s\u00e9ch\u00e9e (2% une source naturelle d\u2019inuline et de FOS), vitamines et min\u00e9raux, farine de caroube, krill antarctique s\u00e9ch\u00e9 (0,5% une source naturelle d\u2019EPA et de DHA), cellulose, glucosamine, chondro\u00eftine, m\u00e9thylsulfonylm\u00e9thane, extraits de plantes (Rosmarinus sp. , Vitis sp., Curcuma sp., Citrus sp. et Syzygium sp.)<\/p>\n<p>Taille du morceau<\/p>\n<p>diam\u00e8tre : 12-14mm<br \/>\nhauteur : 8-10mm<\/p>\n","protected":false},"featured_media":229,"comment_status":"closed","ping_status":"closed","template":"","meta":[],"product_brand":[],"product_cat":[43],"product_tag":[],"class_list":{"0":"post-305","1":"product","2":"type-product","3":"status-publish","4":"has-post-thumbnail","6":"product_cat-lobo-nature-petfood-fr","8":"first","9":"instock","10":"taxable","11":"shipping-taxable","12":"purchasable","13":"product-type-simple"},"yoast_head":"<!-- This site is optimized with the Yoast SEO plugin v27.4 - https:\/\/yoast.com\/product\/yoast-seo-wordpress\/ -->\n<title>LOBO Sensitive Grainfree - Lobo-west.be - Wholesale<\/title>\n<meta name=\"description\" content=\"LOBO Sensitive Grainfree op basis van eend en gedroogde aardappel. Deze is een volledige graanvrij en dus hypoallergene brok.\" \/>\n<meta name=\"robots\" content=\"index, follow, max-snippet:-1, max-image-preview:large, max-video-preview:-1\" \/>\n<link rel=\"canonical\" href=\"https:\/\/wholesale.lobo-west.be\/nl\/produit\/lobo-sensitive-grainfree\/\" \/>\n<meta property=\"og:locale\" content=\"fr_FR\" \/>\n<meta property=\"og:type\" content=\"article\" \/>\n<meta property=\"og:title\" content=\"LOBO Sensitive Grainfree - Lobo-west.be - Wholesale\" \/>\n<meta property=\"og:description\" content=\"LOBO Sensitive Grainfree op basis van eend en gedroogde aardappel. Deze is een volledige graanvrij en dus hypoallergene brok.\" \/>\n<meta property=\"og:url\" content=\"https:\/\/wholesale.lobo-west.be\/nl\/produit\/lobo-sensitive-grainfree\/\" \/>\n<meta property=\"og:site_name\" content=\"Lobo-west.be - Wholesale\" \/>\n<meta property=\"article:publisher\" content=\"https:\/\/www.facebook.com\/lobonaturepetfood\" \/>\n<meta property=\"og:image\" content=\"https:\/\/wholesale.lobo-west.be\/wp-content\/uploads\/2022\/02\/grainfree.png\" \/>\n\t<meta property=\"og:image:width\" content=\"800\" \/>\n\t<meta property=\"og:image:height\" content=\"1280\" \/>\n\t<meta property=\"og:image:type\" content=\"image\/png\" \/>\n<meta name=\"twitter:card\" content=\"summary_large_image\" \/>\n<meta name=\"twitter:label1\" content=\"Dur\u00e9e de lecture estim\u00e9e\" \/>\n\t<meta name=\"twitter:data1\" content=\"1 minute\" \/>\n<script type=\"application\/ld+json\" class=\"yoast-schema-graph\">{\"@context\":\"https:\\\/\\\/schema.org\",\"@graph\":[{\"@type\":\"WebPage\",\"@id\":\"https:\\\/\\\/wholesale.lobo-west.be\\\/nl\\\/produit\\\/lobo-sensitive-grainfree\\\/\",\"url\":\"https:\\\/\\\/wholesale.lobo-west.be\\\/nl\\\/produit\\\/lobo-sensitive-grainfree\\\/\",\"name\":\"LOBO Sensitive Grainfree - Lobo-west.be - Wholesale\",\"isPartOf\":{\"@id\":\"https:\\\/\\\/wholesale.lobo-west.be\\\/nl\\\/#website\"},\"primaryImageOfPage\":{\"@id\":\"https:\\\/\\\/wholesale.lobo-west.be\\\/nl\\\/produit\\\/lobo-sensitive-grainfree\\\/#primaryimage\"},\"image\":{\"@id\":\"https:\\\/\\\/wholesale.lobo-west.be\\\/nl\\\/produit\\\/lobo-sensitive-grainfree\\\/#primaryimage\"},\"thumbnailUrl\":\"https:\\\/\\\/wholesale.lobo-west.be\\\/wp-content\\\/uploads\\\/2022\\\/02\\\/grainfree.png\",\"datePublished\":\"2022-02-17T08:53:28+00:00\",\"description\":\"LOBO Sensitive Grainfree op basis van eend en gedroogde aardappel. Deze is een volledige graanvrij en dus hypoallergene brok.\",\"breadcrumb\":{\"@id\":\"https:\\\/\\\/wholesale.lobo-west.be\\\/nl\\\/produit\\\/lobo-sensitive-grainfree\\\/#breadcrumb\"},\"inLanguage\":\"fr-FR\",\"potentialAction\":[{\"@type\":\"ReadAction\",\"target\":[\"https:\\\/\\\/wholesale.lobo-west.be\\\/nl\\\/produit\\\/lobo-sensitive-grainfree\\\/\"]}]},{\"@type\":\"ImageObject\",\"inLanguage\":\"fr-FR\",\"@id\":\"https:\\\/\\\/wholesale.lobo-west.be\\\/nl\\\/produit\\\/lobo-sensitive-grainfree\\\/#primaryimage\",\"url\":\"https:\\\/\\\/wholesale.lobo-west.be\\\/wp-content\\\/uploads\\\/2022\\\/02\\\/grainfree.png\",\"contentUrl\":\"https:\\\/\\\/wholesale.lobo-west.be\\\/wp-content\\\/uploads\\\/2022\\\/02\\\/grainfree.png\",\"width\":800,\"height\":1280,\"caption\":\"LOBO Sensitive Grainfree\"},{\"@type\":\"BreadcrumbList\",\"@id\":\"https:\\\/\\\/wholesale.lobo-west.be\\\/nl\\\/produit\\\/lobo-sensitive-grainfree\\\/#breadcrumb\",\"itemListElement\":[{\"@type\":\"ListItem\",\"position\":1,\"name\":\"Home\",\"item\":\"https:\\\/\\\/wholesale.lobo-west.be\\\/fr\\\/boutique\\\/\"},{\"@type\":\"ListItem\",\"position\":2,\"name\":\"Boutique\",\"item\":\"https:\\\/\\\/wholesale.lobo-west.be\\\/fr\\\/boutique\\\/\"},{\"@type\":\"ListItem\",\"position\":3,\"name\":\"LOBO Sensitive Grainfree\"}]},{\"@type\":\"WebSite\",\"@id\":\"https:\\\/\\\/wholesale.lobo-west.be\\\/nl\\\/#website\",\"url\":\"https:\\\/\\\/wholesale.lobo-west.be\\\/nl\\\/\",\"name\":\"Lobo-west.be - Wholesale\",\"description\":\"Lobo nature petfood voor groothandel en en fokkers\",\"publisher\":{\"@id\":\"https:\\\/\\\/wholesale.lobo-west.be\\\/nl\\\/#organization\"},\"potentialAction\":[{\"@type\":\"SearchAction\",\"target\":{\"@type\":\"EntryPoint\",\"urlTemplate\":\"https:\\\/\\\/wholesale.lobo-west.be\\\/nl\\\/?s={search_term_string}\"},\"query-input\":{\"@type\":\"PropertyValueSpecification\",\"valueRequired\":true,\"valueName\":\"search_term_string\"}}],\"inLanguage\":\"fr-FR\"},{\"@type\":\"Organization\",\"@id\":\"https:\\\/\\\/wholesale.lobo-west.be\\\/nl\\\/#organization\",\"name\":\"Lobo West\",\"url\":\"https:\\\/\\\/wholesale.lobo-west.be\\\/nl\\\/\",\"logo\":{\"@type\":\"ImageObject\",\"inLanguage\":\"fr-FR\",\"@id\":\"https:\\\/\\\/wholesale.lobo-west.be\\\/nl\\\/#\\\/schema\\\/logo\\\/image\\\/\",\"url\":\"https:\\\/\\\/wholesale.lobo-west.be\\\/wp-content\\\/uploads\\\/2022\\\/02\\\/logo-lobo-transparant-300x300-1.png\",\"contentUrl\":\"https:\\\/\\\/wholesale.lobo-west.be\\\/wp-content\\\/uploads\\\/2022\\\/02\\\/logo-lobo-transparant-300x300-1.png\",\"width\":300,\"height\":300,\"caption\":\"Lobo West\"},\"image\":{\"@id\":\"https:\\\/\\\/wholesale.lobo-west.be\\\/nl\\\/#\\\/schema\\\/logo\\\/image\\\/\"},\"sameAs\":[\"https:\\\/\\\/www.facebook.com\\\/lobonaturepetfood\",\"https:\\\/\\\/www.instagram.com\\\/lobowestpetfood\\\/\"]}]}<\/script>\n<!-- \/ Yoast SEO plugin. -->","yoast_head_json":{"title":"LOBO Sensitive Grainfree - Lobo-west.be - Wholesale","description":"LOBO Sensitive Grainfree op basis van eend en gedroogde aardappel. Deze is een volledige graanvrij en dus hypoallergene brok.","robots":{"index":"index","follow":"follow","max-snippet":"max-snippet:-1","max-image-preview":"max-image-preview:large","max-video-preview":"max-video-preview:-1"},"canonical":"https:\/\/wholesale.lobo-west.be\/nl\/produit\/lobo-sensitive-grainfree\/","og_locale":"fr_FR","og_type":"article","og_title":"LOBO Sensitive Grainfree - Lobo-west.be - Wholesale","og_description":"LOBO Sensitive Grainfree op basis van eend en gedroogde aardappel. Deze is een volledige graanvrij en dus hypoallergene brok.","og_url":"https:\/\/wholesale.lobo-west.be\/nl\/produit\/lobo-sensitive-grainfree\/","og_site_name":"Lobo-west.be - Wholesale","article_publisher":"https:\/\/www.facebook.com\/lobonaturepetfood","og_image":[{"width":800,"height":1280,"url":"https:\/\/wholesale.lobo-west.be\/wp-content\/uploads\/2022\/02\/grainfree.png","type":"image\/png"}],"twitter_card":"summary_large_image","twitter_misc":{"Dur\u00e9e de lecture estim\u00e9e":"1 minute"},"schema":{"@context":"https:\/\/schema.org","@graph":[{"@type":"WebPage","@id":"https:\/\/wholesale.lobo-west.be\/nl\/produit\/lobo-sensitive-grainfree\/","url":"https:\/\/wholesale.lobo-west.be\/nl\/produit\/lobo-sensitive-grainfree\/","name":"LOBO Sensitive Grainfree - Lobo-west.be - Wholesale","isPartOf":{"@id":"https:\/\/wholesale.lobo-west.be\/nl\/#website"},"primaryImageOfPage":{"@id":"https:\/\/wholesale.lobo-west.be\/nl\/produit\/lobo-sensitive-grainfree\/#primaryimage"},"image":{"@id":"https:\/\/wholesale.lobo-west.be\/nl\/produit\/lobo-sensitive-grainfree\/#primaryimage"},"thumbnailUrl":"https:\/\/wholesale.lobo-west.be\/wp-content\/uploads\/2022\/02\/grainfree.png","datePublished":"2022-02-17T08:53:28+00:00","description":"LOBO Sensitive Grainfree op basis van eend en gedroogde aardappel. Deze is een volledige graanvrij en dus hypoallergene brok.","breadcrumb":{"@id":"https:\/\/wholesale.lobo-west.be\/nl\/produit\/lobo-sensitive-grainfree\/#breadcrumb"},"inLanguage":"fr-FR","potentialAction":[{"@type":"ReadAction","target":["https:\/\/wholesale.lobo-west.be\/nl\/produit\/lobo-sensitive-grainfree\/"]}]},{"@type":"ImageObject","inLanguage":"fr-FR","@id":"https:\/\/wholesale.lobo-west.be\/nl\/produit\/lobo-sensitive-grainfree\/#primaryimage","url":"https:\/\/wholesale.lobo-west.be\/wp-content\/uploads\/2022\/02\/grainfree.png","contentUrl":"https:\/\/wholesale.lobo-west.be\/wp-content\/uploads\/2022\/02\/grainfree.png","width":800,"height":1280,"caption":"LOBO Sensitive Grainfree"},{"@type":"BreadcrumbList","@id":"https:\/\/wholesale.lobo-west.be\/nl\/produit\/lobo-sensitive-grainfree\/#breadcrumb","itemListElement":[{"@type":"ListItem","position":1,"name":"Home","item":"https:\/\/wholesale.lobo-west.be\/fr\/boutique\/"},{"@type":"ListItem","position":2,"name":"Boutique","item":"https:\/\/wholesale.lobo-west.be\/fr\/boutique\/"},{"@type":"ListItem","position":3,"name":"LOBO Sensitive Grainfree"}]},{"@type":"WebSite","@id":"https:\/\/wholesale.lobo-west.be\/nl\/#website","url":"https:\/\/wholesale.lobo-west.be\/nl\/","name":"Lobo-west.be - Wholesale","description":"Lobo nature petfood voor groothandel en en fokkers","publisher":{"@id":"https:\/\/wholesale.lobo-west.be\/nl\/#organization"},"potentialAction":[{"@type":"SearchAction","target":{"@type":"EntryPoint","urlTemplate":"https:\/\/wholesale.lobo-west.be\/nl\/?s={search_term_string}"},"query-input":{"@type":"PropertyValueSpecification","valueRequired":true,"valueName":"search_term_string"}}],"inLanguage":"fr-FR"},{"@type":"Organization","@id":"https:\/\/wholesale.lobo-west.be\/nl\/#organization","name":"Lobo West","url":"https:\/\/wholesale.lobo-west.be\/nl\/","logo":{"@type":"ImageObject","inLanguage":"fr-FR","@id":"https:\/\/wholesale.lobo-west.be\/nl\/#\/schema\/logo\/image\/","url":"https:\/\/wholesale.lobo-west.be\/wp-content\/uploads\/2022\/02\/logo-lobo-transparant-300x300-1.png","contentUrl":"https:\/\/wholesale.lobo-west.be\/wp-content\/uploads\/2022\/02\/logo-lobo-transparant-300x300-1.png","width":300,"height":300,"caption":"Lobo West"},"image":{"@id":"https:\/\/wholesale.lobo-west.be\/nl\/#\/schema\/logo\/image\/"},"sameAs":["https:\/\/www.facebook.com\/lobonaturepetfood","https:\/\/www.instagram.com\/lobowestpetfood\/"]}]}},"jetpack_sharing_enabled":true,"_links":{"self":[{"href":"https:\/\/wholesale.lobo-west.be\/fr\/wp-json\/wp\/v2\/product\/305","targetHints":{"allow":["GET"]}}],"collection":[{"href":"https:\/\/wholesale.lobo-west.be\/fr\/wp-json\/wp\/v2\/product"}],"about":[{"href":"https:\/\/wholesale.lobo-west.be\/fr\/wp-json\/wp\/v2\/types\/product"}],"replies":[{"embeddable":true,"href":"https:\/\/wholesale.lobo-west.be\/fr\/wp-json\/wp\/v2\/comments?post=305"}],"wp:featuredmedia":[{"embeddable":true,"href":"https:\/\/wholesale.lobo-west.be\/fr\/wp-json\/wp\/v2\/media\/229"}],"wp:attachment":[{"href":"https:\/\/wholesale.lobo-west.be\/fr\/wp-json\/wp\/v2\/media?parent=305"}],"wp:term":[{"taxonomy":"product_brand","embeddable":true,"href":"https:\/\/wholesale.lobo-west.be\/fr\/wp-json\/wp\/v2\/product_brand?post=305"},{"taxonomy":"product_cat","embeddable":true,"href":"https:\/\/wholesale.lobo-west.be\/fr\/wp-json\/wp\/v2\/product_cat?post=305"},{"taxonomy":"product_tag","embeddable":true,"href":"https:\/\/wholesale.lobo-west.be\/fr\/wp-json\/wp\/v2\/product_tag?post=305"}],"curies":[{"name":"wp","href":"https:\/\/api.w.org\/{rel}","templated":true}]}}