{"id":264,"date":"2022-02-17T10:33:35","date_gmt":"2022-02-17T09:33:35","guid":{"rendered":"https:\/\/wholesale.lobo-west.be\/?post_type=product&#038;p=264"},"modified":"2025-07-15T10:15:03","modified_gmt":"2025-07-15T08:15:03","slug":"lobo-adult-special","status":"publish","type":"product","link":"https:\/\/wholesale.lobo-west.be\/nl\/product\/lobo-adult-special\/","title":{"rendered":"LOBO Adult Special"},"content":{"rendered":"<p><strong>LOBO Adult Special <\/strong>is een zeer aantrekkelijke maaltijd die zowel bestaat uit een complete korrel als uit ge\u00ebxpandeerde granen (22%). Het geheel is extra verrijkt met smakelijke vetten (o.a. schapenvet) (1%) en is voorzien van extra toevoegingen o.a. salie (0,1%), knoflook (0,5%) en gedroogde pensproducten (1%). Adult Special is een totaal ander concept. Geen acceptatieproblemen, zeer goede vertering en helpt de darmflora te versterken. De algemene conditie van de hond (en vooral van de huid en van de vacht) is een rechtstreeks gevolg van de speciale bewerkingsprocedure van alle ingredi\u00ebnten. Het geheel is extra verrijkt met zalmolie (1%). Kan gegeven worden aan honden vanaf \u00e9\u00e9n jaar. Geen water toevoegen \u2013 wel drinkwater voorzien.<\/p>\n<p><strong>Samenstelling:<br \/>\n<\/strong>Ge\u00ebxpandeerde granen (22%), gerst, vet van gevogelte, gedroogd dierlijk eiwit 10,0%, ma\u00efs, gedroogd lam 4%, gedroogde kip 1,5%, zalmolie 1,0%, erwten, vismeel 0,7%, ei 0,25%, gedroogde pensproducten (1%), salie (0,1%), knoflook (0,5%), inuline, gist.<\/p>\n","protected":false},"excerpt":{"rendered":"<p><strong>LOBO Adult Special <\/strong>is een zeer aantrekkelijke maaltijd die zowel bestaat uit een complete korrel als uit ge\u00ebxpandeerde granen (22%). Het geheel is extra verrijkt met smakelijke vetten (o.a. schapenvet) (1%) en is voorzien van extra toevoegingen o.a. salie (0,1%), knoflook (0,5%) en gedroogde pensproducten (1%). Adult Special is een totaal ander concept. Geen acceptatieproblemen, zeer goede vertering en helpt de darmflora te versterken. De algemene conditie van de hond (en vooral van de huid en van de vacht) is een rechtstreeks gevolg van de speciale bewerkingsprocedure van alle ingredi\u00ebnten. Het geheel is extra verrijkt met zalmolie (1%). Kan gegeven worden aan honden vanaf \u00e9\u00e9n jaar. Geen water toevoegen \u2013 wel drinkwater voorzien.<\/p>\n<p><strong>Samenstelling:<br \/>\n<\/strong>Ge\u00ebxpandeerde granen (22%), gerst, vet van gevogelte, gedroogd dierlijk eiwit 10,0%, ma\u00efs, gedroogd lam 4%, gedroogde kip 1,5%, zalmolie 1,0%, erwten, vismeel 0,7%, ei 0,25%, gedroogde pensproducten (1%), salie (0,1%), knoflook (0,5%), inuline, gist.<\/p>\n","protected":false},"featured_media":268,"comment_status":"closed","ping_status":"closed","template":"","meta":[],"product_brand":[],"product_cat":[16],"product_tag":[34],"class_list":{"0":"post-264","1":"product","2":"type-product","3":"status-publish","4":"has-post-thumbnail","6":"product_cat-lobo-nature-petfood","7":"product_tag-hondenvoer","9":"first","10":"instock","11":"taxable","12":"shipping-taxable","13":"purchasable","14":"product-type-simple"},"yoast_head":"<!-- This site is optimized with the Yoast SEO plugin v27.4 - https:\/\/yoast.com\/product\/yoast-seo-wordpress\/ -->\n<title>LOBO Adult Special - Lobo-west.be - Wholesale<\/title>\n<meta name=\"description\" content=\"LOBO Adult Special is een zeer aantrekkelijke maaltijd die zowel bestaat uit een complete korrel als uit ge\u00ebxpandeerde granen (22%).\" \/>\n<meta name=\"robots\" content=\"index, follow, max-snippet:-1, max-image-preview:large, max-video-preview:-1\" \/>\n<link rel=\"canonical\" href=\"https:\/\/wholesale.lobo-west.be\/nl\/product\/lobo-adult-special\/\" \/>\n<meta property=\"og:locale\" content=\"nl_NL\" \/>\n<meta property=\"og:type\" content=\"article\" \/>\n<meta property=\"og:title\" content=\"LOBO Adult Special - Lobo-west.be - Wholesale\" \/>\n<meta property=\"og:description\" content=\"LOBO Adult Special is een zeer aantrekkelijke maaltijd die zowel bestaat uit een complete korrel als uit ge\u00ebxpandeerde granen (22%).\" \/>\n<meta property=\"og:url\" content=\"https:\/\/wholesale.lobo-west.be\/nl\/product\/lobo-adult-special\/\" \/>\n<meta property=\"og:site_name\" content=\"Lobo-west.be - Wholesale\" \/>\n<meta property=\"article:publisher\" content=\"https:\/\/www.facebook.com\/lobonaturepetfood\" \/>\n<meta property=\"article:modified_time\" content=\"2025-07-15T08:15:03+00:00\" \/>\n<meta property=\"og:image\" content=\"https:\/\/wholesale.lobo-west.be\/wp-content\/uploads\/2022\/02\/adult-special.jpg\" \/>\n\t<meta property=\"og:image:width\" content=\"737\" \/>\n\t<meta property=\"og:image:height\" content=\"737\" \/>\n\t<meta property=\"og:image:type\" content=\"image\/jpeg\" \/>\n<meta name=\"twitter:card\" content=\"summary_large_image\" \/>\n<meta name=\"twitter:label1\" content=\"Geschatte leestijd\" \/>\n\t<meta name=\"twitter:data1\" content=\"1 minuut\" \/>\n<script type=\"application\/ld+json\" class=\"yoast-schema-graph\">{\"@context\":\"https:\\\/\\\/schema.org\",\"@graph\":[{\"@type\":\"WebPage\",\"@id\":\"https:\\\/\\\/wholesale.lobo-west.be\\\/nl\\\/product\\\/lobo-adult-special\\\/\",\"url\":\"https:\\\/\\\/wholesale.lobo-west.be\\\/nl\\\/product\\\/lobo-adult-special\\\/\",\"name\":\"LOBO Adult Special - Lobo-west.be - Wholesale\",\"isPartOf\":{\"@id\":\"https:\\\/\\\/wholesale.lobo-west.be\\\/nl\\\/#website\"},\"primaryImageOfPage\":{\"@id\":\"https:\\\/\\\/wholesale.lobo-west.be\\\/nl\\\/product\\\/lobo-adult-special\\\/#primaryimage\"},\"image\":{\"@id\":\"https:\\\/\\\/wholesale.lobo-west.be\\\/nl\\\/product\\\/lobo-adult-special\\\/#primaryimage\"},\"thumbnailUrl\":\"https:\\\/\\\/wholesale.lobo-west.be\\\/wp-content\\\/uploads\\\/2022\\\/02\\\/adult-special.jpg\",\"datePublished\":\"2022-02-17T09:33:35+00:00\",\"dateModified\":\"2025-07-15T08:15:03+00:00\",\"description\":\"LOBO Adult Special is een zeer aantrekkelijke maaltijd die zowel bestaat uit een complete korrel als uit ge\u00ebxpandeerde granen (22%).\",\"breadcrumb\":{\"@id\":\"https:\\\/\\\/wholesale.lobo-west.be\\\/nl\\\/product\\\/lobo-adult-special\\\/#breadcrumb\"},\"inLanguage\":\"nl-NL\",\"potentialAction\":[{\"@type\":\"ReadAction\",\"target\":[\"https:\\\/\\\/wholesale.lobo-west.be\\\/nl\\\/product\\\/lobo-adult-special\\\/\"]}]},{\"@type\":\"ImageObject\",\"inLanguage\":\"nl-NL\",\"@id\":\"https:\\\/\\\/wholesale.lobo-west.be\\\/nl\\\/product\\\/lobo-adult-special\\\/#primaryimage\",\"url\":\"https:\\\/\\\/wholesale.lobo-west.be\\\/wp-content\\\/uploads\\\/2022\\\/02\\\/adult-special.jpg\",\"contentUrl\":\"https:\\\/\\\/wholesale.lobo-west.be\\\/wp-content\\\/uploads\\\/2022\\\/02\\\/adult-special.jpg\",\"width\":737,\"height\":737,\"caption\":\"LOBO Adult Special\"},{\"@type\":\"BreadcrumbList\",\"@id\":\"https:\\\/\\\/wholesale.lobo-west.be\\\/nl\\\/product\\\/lobo-adult-special\\\/#breadcrumb\",\"itemListElement\":[{\"@type\":\"ListItem\",\"position\":1,\"name\":\"Home\",\"item\":\"https:\\\/\\\/wholesale.lobo-west.be\\\/nl\\\/winkel\\\/\"},{\"@type\":\"ListItem\",\"position\":2,\"name\":\"Groothandel\",\"item\":\"https:\\\/\\\/wholesale.lobo-west.be\\\/nl\\\/winkel\\\/\"},{\"@type\":\"ListItem\",\"position\":3,\"name\":\"LOBO Adult Special\"}]},{\"@type\":\"WebSite\",\"@id\":\"https:\\\/\\\/wholesale.lobo-west.be\\\/nl\\\/#website\",\"url\":\"https:\\\/\\\/wholesale.lobo-west.be\\\/nl\\\/\",\"name\":\"Lobo-west.be - Wholesale\",\"description\":\"Lobo nature petfood voor groothandel en en fokkers\",\"publisher\":{\"@id\":\"https:\\\/\\\/wholesale.lobo-west.be\\\/nl\\\/#organization\"},\"potentialAction\":[{\"@type\":\"SearchAction\",\"target\":{\"@type\":\"EntryPoint\",\"urlTemplate\":\"https:\\\/\\\/wholesale.lobo-west.be\\\/nl\\\/?s={search_term_string}\"},\"query-input\":{\"@type\":\"PropertyValueSpecification\",\"valueRequired\":true,\"valueName\":\"search_term_string\"}}],\"inLanguage\":\"nl-NL\"},{\"@type\":\"Organization\",\"@id\":\"https:\\\/\\\/wholesale.lobo-west.be\\\/nl\\\/#organization\",\"name\":\"Lobo West\",\"url\":\"https:\\\/\\\/wholesale.lobo-west.be\\\/nl\\\/\",\"logo\":{\"@type\":\"ImageObject\",\"inLanguage\":\"nl-NL\",\"@id\":\"https:\\\/\\\/wholesale.lobo-west.be\\\/nl\\\/#\\\/schema\\\/logo\\\/image\\\/\",\"url\":\"https:\\\/\\\/wholesale.lobo-west.be\\\/wp-content\\\/uploads\\\/2022\\\/02\\\/logo-lobo-transparant-300x300-1.png\",\"contentUrl\":\"https:\\\/\\\/wholesale.lobo-west.be\\\/wp-content\\\/uploads\\\/2022\\\/02\\\/logo-lobo-transparant-300x300-1.png\",\"width\":300,\"height\":300,\"caption\":\"Lobo West\"},\"image\":{\"@id\":\"https:\\\/\\\/wholesale.lobo-west.be\\\/nl\\\/#\\\/schema\\\/logo\\\/image\\\/\"},\"sameAs\":[\"https:\\\/\\\/www.facebook.com\\\/lobonaturepetfood\",\"https:\\\/\\\/www.instagram.com\\\/lobowestpetfood\\\/\"]}]}<\/script>\n<!-- \/ Yoast SEO plugin. -->","yoast_head_json":{"title":"LOBO Adult Special - Lobo-west.be - Wholesale","description":"LOBO Adult Special is een zeer aantrekkelijke maaltijd die zowel bestaat uit een complete korrel als uit ge\u00ebxpandeerde granen (22%).","robots":{"index":"index","follow":"follow","max-snippet":"max-snippet:-1","max-image-preview":"max-image-preview:large","max-video-preview":"max-video-preview:-1"},"canonical":"https:\/\/wholesale.lobo-west.be\/nl\/product\/lobo-adult-special\/","og_locale":"nl_NL","og_type":"article","og_title":"LOBO Adult Special - Lobo-west.be - Wholesale","og_description":"LOBO Adult Special is een zeer aantrekkelijke maaltijd die zowel bestaat uit een complete korrel als uit ge\u00ebxpandeerde granen (22%).","og_url":"https:\/\/wholesale.lobo-west.be\/nl\/product\/lobo-adult-special\/","og_site_name":"Lobo-west.be - Wholesale","article_publisher":"https:\/\/www.facebook.com\/lobonaturepetfood","article_modified_time":"2025-07-15T08:15:03+00:00","og_image":[{"width":737,"height":737,"url":"https:\/\/wholesale.lobo-west.be\/wp-content\/uploads\/2022\/02\/adult-special.jpg","type":"image\/jpeg"}],"twitter_card":"summary_large_image","twitter_misc":{"Geschatte leestijd":"1 minuut"},"schema":{"@context":"https:\/\/schema.org","@graph":[{"@type":"WebPage","@id":"https:\/\/wholesale.lobo-west.be\/nl\/product\/lobo-adult-special\/","url":"https:\/\/wholesale.lobo-west.be\/nl\/product\/lobo-adult-special\/","name":"LOBO Adult Special - Lobo-west.be - Wholesale","isPartOf":{"@id":"https:\/\/wholesale.lobo-west.be\/nl\/#website"},"primaryImageOfPage":{"@id":"https:\/\/wholesale.lobo-west.be\/nl\/product\/lobo-adult-special\/#primaryimage"},"image":{"@id":"https:\/\/wholesale.lobo-west.be\/nl\/product\/lobo-adult-special\/#primaryimage"},"thumbnailUrl":"https:\/\/wholesale.lobo-west.be\/wp-content\/uploads\/2022\/02\/adult-special.jpg","datePublished":"2022-02-17T09:33:35+00:00","dateModified":"2025-07-15T08:15:03+00:00","description":"LOBO Adult Special is een zeer aantrekkelijke maaltijd die zowel bestaat uit een complete korrel als uit ge\u00ebxpandeerde granen (22%).","breadcrumb":{"@id":"https:\/\/wholesale.lobo-west.be\/nl\/product\/lobo-adult-special\/#breadcrumb"},"inLanguage":"nl-NL","potentialAction":[{"@type":"ReadAction","target":["https:\/\/wholesale.lobo-west.be\/nl\/product\/lobo-adult-special\/"]}]},{"@type":"ImageObject","inLanguage":"nl-NL","@id":"https:\/\/wholesale.lobo-west.be\/nl\/product\/lobo-adult-special\/#primaryimage","url":"https:\/\/wholesale.lobo-west.be\/wp-content\/uploads\/2022\/02\/adult-special.jpg","contentUrl":"https:\/\/wholesale.lobo-west.be\/wp-content\/uploads\/2022\/02\/adult-special.jpg","width":737,"height":737,"caption":"LOBO Adult Special"},{"@type":"BreadcrumbList","@id":"https:\/\/wholesale.lobo-west.be\/nl\/product\/lobo-adult-special\/#breadcrumb","itemListElement":[{"@type":"ListItem","position":1,"name":"Home","item":"https:\/\/wholesale.lobo-west.be\/nl\/winkel\/"},{"@type":"ListItem","position":2,"name":"Groothandel","item":"https:\/\/wholesale.lobo-west.be\/nl\/winkel\/"},{"@type":"ListItem","position":3,"name":"LOBO Adult Special"}]},{"@type":"WebSite","@id":"https:\/\/wholesale.lobo-west.be\/nl\/#website","url":"https:\/\/wholesale.lobo-west.be\/nl\/","name":"Lobo-west.be - Wholesale","description":"Lobo nature petfood voor groothandel en en fokkers","publisher":{"@id":"https:\/\/wholesale.lobo-west.be\/nl\/#organization"},"potentialAction":[{"@type":"SearchAction","target":{"@type":"EntryPoint","urlTemplate":"https:\/\/wholesale.lobo-west.be\/nl\/?s={search_term_string}"},"query-input":{"@type":"PropertyValueSpecification","valueRequired":true,"valueName":"search_term_string"}}],"inLanguage":"nl-NL"},{"@type":"Organization","@id":"https:\/\/wholesale.lobo-west.be\/nl\/#organization","name":"Lobo West","url":"https:\/\/wholesale.lobo-west.be\/nl\/","logo":{"@type":"ImageObject","inLanguage":"nl-NL","@id":"https:\/\/wholesale.lobo-west.be\/nl\/#\/schema\/logo\/image\/","url":"https:\/\/wholesale.lobo-west.be\/wp-content\/uploads\/2022\/02\/logo-lobo-transparant-300x300-1.png","contentUrl":"https:\/\/wholesale.lobo-west.be\/wp-content\/uploads\/2022\/02\/logo-lobo-transparant-300x300-1.png","width":300,"height":300,"caption":"Lobo West"},"image":{"@id":"https:\/\/wholesale.lobo-west.be\/nl\/#\/schema\/logo\/image\/"},"sameAs":["https:\/\/www.facebook.com\/lobonaturepetfood","https:\/\/www.instagram.com\/lobowestpetfood\/"]}]}},"jetpack_sharing_enabled":true,"_links":{"self":[{"href":"https:\/\/wholesale.lobo-west.be\/nl\/wp-json\/wp\/v2\/product\/264","targetHints":{"allow":["GET"]}}],"collection":[{"href":"https:\/\/wholesale.lobo-west.be\/nl\/wp-json\/wp\/v2\/product"}],"about":[{"href":"https:\/\/wholesale.lobo-west.be\/nl\/wp-json\/wp\/v2\/types\/product"}],"replies":[{"embeddable":true,"href":"https:\/\/wholesale.lobo-west.be\/nl\/wp-json\/wp\/v2\/comments?post=264"}],"wp:featuredmedia":[{"embeddable":true,"href":"https:\/\/wholesale.lobo-west.be\/nl\/wp-json\/wp\/v2\/media\/268"}],"wp:attachment":[{"href":"https:\/\/wholesale.lobo-west.be\/nl\/wp-json\/wp\/v2\/media?parent=264"}],"wp:term":[{"taxonomy":"product_brand","embeddable":true,"href":"https:\/\/wholesale.lobo-west.be\/nl\/wp-json\/wp\/v2\/product_brand?post=264"},{"taxonomy":"product_cat","embeddable":true,"href":"https:\/\/wholesale.lobo-west.be\/nl\/wp-json\/wp\/v2\/product_cat?post=264"},{"taxonomy":"product_tag","embeddable":true,"href":"https:\/\/wholesale.lobo-west.be\/nl\/wp-json\/wp\/v2\/product_tag?post=264"}],"curies":[{"name":"wp","href":"https:\/\/api.w.org\/{rel}","templated":true}]}}